{"id":1065,"date":"2015-05-29T13:01:35","date_gmt":"2015-05-29T13:01:35","guid":{"rendered":"https:\/\/art.jaccovandenhoek.com\/arte-2-2\/"},"modified":"2025-11-22T19:45:07","modified_gmt":"2025-11-22T19:45:07","slug":"fine-art","status":"publish","type":"page","link":"https:\/\/jaccovandenhoek.com\/en\/fine-art\/","title":{"rendered":"Fine art"},"content":{"rendered":"<p style=\"\">Fine Art<\/p>\n<p><span style=\"\"><a href=\"https:\/\/jaccovandenhoek.com\/en\/fine-art\/oils\/paintbrush-oil-paintings\/\" target=\"_blank\"><img decoding=\"async\" alt=\"Pincel\" data-id=\"185980\" width=\"324\" data-init-width=\"641\" height=\"324\" data-init-height=\"641\" title=\"Pincel\" loading=\"lazy\" src=\"https:\/\/jaccovandenhoek.com\/wp-content\/uploads\/2022\/02\/Art_Pincel_Img_640x640px.jpg\" data-width=\"324\" data-height=\"324\" style=\"aspect-ratio: auto 641 \/ 641;\" ml-d=\"0\" mt-d=\"0\" data-link-wrap=\"true\"><\/a><\/span><\/p>\n<p style=\"\"><a href=\"https:\/\/jaccovandenhoek.com\/en\/fine-art\/oils\/paintbrush-oil-paintings\/\" target=\"_blank\" style=\"outline: none;\">Brush<\/a><\/p>\n<p><span><a href=\"https:\/\/jaccovandenhoek.com\/en\/fine-art\/oils\/palette-knife-paintings\/\" target=\"_blank\"><img decoding=\"async\" alt=\"Esp\u00e1tula\" data-id=\"185974\" width=\"324\" data-init-width=\"640\" height=\"325\" data-init-height=\"641\" title=\"Esp\u00e1tula\" loading=\"lazy\" src=\"https:\/\/jaccovandenhoek.com\/wp-content\/uploads\/2022\/02\/Art_Espatula_Img_640x640px.jpg\" data-width=\"324\" data-height=\"325\" style=\"aspect-ratio: auto 640 \/ 641;\" data-link-wrap=\"true\"><\/a><\/span><\/p>\n<p style=\"\"><a href=\"https:\/\/jaccovandenhoek.com\/en\/fine-art\/oils\/palette-knife-paintings\/\" target=\"_blank\" style=\"outline: none;\">Palette knife<\/a><\/p>\n<p><span><a href=\"https:\/\/jaccovandenhoek.com\/en\/fine-art\/illustrations\/\" target=\"_blank\"><img decoding=\"async\" alt=\"Ilustraci\u00f3n\" data-id=\"185977\" width=\"324\" data-init-width=\"641\" height=\"324\" data-init-height=\"641\" title=\"Ilustraci\u00f3n\" loading=\"lazy\" src=\"https:\/\/jaccovandenhoek.com\/wp-content\/uploads\/2022\/02\/Art_Ilustracion_Img_640x640px.jpg\" data-width=\"324\" data-height=\"324\" style=\"aspect-ratio: auto 641 \/ 641;\" data-link-wrap=\"true\"><\/a><\/span><\/p>\n<p style=\"\"><a href=\"https:\/\/jaccovandenhoek.com\/en\/fine-art\/illustrations\/\" target=\"_blank\" style=\"outline: none;\">Illustration<\/a><\/p>\n<p><span><a href=\"https:\/\/jaccovandenhoek.com\/en\/fine-art\/video-art\/\" target=\"_blank\"><img decoding=\"async\" alt=\"Video\" data-id=\"185983\" width=\"324\" data-init-width=\"641\" height=\"324\" data-init-height=\"641\" title=\"Video\" loading=\"lazy\" src=\"https:\/\/jaccovandenhoek.com\/wp-content\/uploads\/2022\/02\/Art_Video_Img_640x640px.jpg\" data-width=\"324\" data-height=\"324\" style=\"aspect-ratio: auto 641 \/ 641;\" data-link-wrap=\"true\"><\/a><\/span><\/p>\n<p><a href=\"https:\/\/jaccovandenhoek.com\/en\/fine-art\/video-art\/\" target=\"_blank\" style=\"outline: none;\">Video<\/a><\/p>\n<p><span><a href=\"https:\/\/jaccovandenhoek.com\/en\/fine-art\/digital-art\/\" target=\"_blank\"><img decoding=\"async\" alt=\"Digital\" data-id=\"185971\" width=\"333\" data-init-width=\"640\" height=\"334\" data-init-height=\"641\" title=\"Digital\" loading=\"lazy\" src=\"https:\/\/jaccovandenhoek.com\/wp-content\/uploads\/2022\/02\/Art_Digital_Img_640x640px.jpg\" data-width=\"333\" data-height=\"334\" style=\"aspect-ratio: auto 640 \/ 641;\" data-link-wrap=\"true\"><\/a><\/span><\/p>\n<p style=\"\"><a href=\"https:\/\/jaccovandenhoek.com\/en\/fine-art\/digital-art\/\" style=\"outline: none;\" target=\"_blank\">Digital<\/a><\/p>\n<p><span><a href=\"https:\/\/jaccovandenhoek.com\/en\/fine-art\/watercolour\/\"><img decoding=\"async\" alt=\"Watercolour\" data-id=\"190940\" width=\"333\" data-init-width=\"900\" height=\"333\" data-init-height=\"900\" title=\"Watercolour\" loading=\"lazy\" src=\"https:\/\/jaccovandenhoek.com\/wp-content\/uploads\/2025\/11\/acuarel_thumb_900x900px.jpg\" data-width=\"333\" data-height=\"333\" style=\"aspect-ratio: auto 900 \/ 900;\" data-link-wrap=\"true\"><\/a><\/span><\/p>\n<p style=\"\"><a href=\"https:\/\/jaccovandenhoek.com\/en\/fine-art\/digital-art\/\" style=\"outline: none;\" target=\"_blank\">\u200bWatercolour<\/a><\/p>\n","protected":false},"excerpt":{"rendered":"<p>Fine Art Brush Palette knife Illustration Video Digital \u200bWatercolour<\/p>\n","protected":false},"author":2,"featured_media":0,"parent":0,"menu_order":0,"comment_status":"closed","ping_status":"open","template":"","meta":{"inline_featured_image":false,"footnotes":"","_wp_rev_ctl_limit":""},"class_list":["post-1065","page","type-page","status-publish","hentry","post-wrapper","thrv_wrapper"],"yoast_head":"<!-- This site is optimized with the Yoast SEO plugin v25.4 - https:\/\/yoast.com\/wordpress\/plugins\/seo\/ -->\n<title>Fine art - Jacco van den Hoek<\/title>\n<meta name=\"description\" content=\"Fine art: Oil paintings and digital compositions to decorate your house, office, apartment or hotel or simple as a gift for a special friend.\" \/>\n<meta name=\"robots\" content=\"index, follow, max-snippet:-1, max-image-preview:large, max-video-preview:-1\" \/>\n<link rel=\"canonical\" href=\"https:\/\/jaccovandenhoek.com\/en\/fine-art\/\" \/>\n<meta property=\"og:locale\" content=\"en_US\" \/>\n<meta property=\"og:type\" content=\"article\" \/>\n<meta property=\"og:title\" content=\"El arte de Jacco van den Hoek\" \/>\n<meta property=\"og:description\" content=\"Una pagina con las \u00faltimas obras de Jacco van den Hoek. Pintura al \u00f3leo, v\u00eddeo y composiciones digitales.\" \/>\n<meta property=\"og:url\" content=\"https:\/\/jaccovandenhoek.com\/en\/fine-art\/\" \/>\n<meta property=\"og:site_name\" content=\"Jacco Van Den Hoek\" \/>\n<meta property=\"article:modified_time\" content=\"2025-11-22T19:45:07+00:00\" \/>\n<meta property=\"og:image\" content=\"https:\/\/jaccovandenhoek.com\/wp-content\/uploads\/2022\/02\/Art_Pincel_Img_640x640px.jpg\" \/>\n<meta name=\"twitter:card\" content=\"summary_large_image\" \/>\n<meta name=\"twitter:title\" content=\"El arte de Jacco van den Hoek\" \/>\n<meta name=\"twitter:label1\" content=\"Est. reading time\" \/>\n\t<meta name=\"twitter:data1\" content=\"1 minute\" \/>\n<script type=\"application\/ld+json\" class=\"yoast-schema-graph\">{\"@context\":\"https:\/\/schema.org\",\"@graph\":[{\"@type\":\"WebPage\",\"@id\":\"https:\/\/jaccovandenhoek.com\/en\/fine-art\/\",\"url\":\"https:\/\/jaccovandenhoek.com\/en\/fine-art\/\",\"name\":\"Fine art - Jacco van den Hoek\",\"isPartOf\":{\"@id\":\"https:\/\/jaccovandenhoek.com\/en\/#website\"},\"primaryImageOfPage\":{\"@id\":\"https:\/\/jaccovandenhoek.com\/en\/fine-art\/#primaryimage\"},\"image\":{\"@id\":\"https:\/\/jaccovandenhoek.com\/en\/fine-art\/#primaryimage\"},\"thumbnailUrl\":\"https:\/\/jaccovandenhoek.com\/wp-content\/uploads\/2022\/02\/Art_Pincel_Img_640x640px.jpg\",\"datePublished\":\"2015-05-29T13:01:35+00:00\",\"dateModified\":\"2025-11-22T19:45:07+00:00\",\"description\":\"Fine art: Oil paintings and digital compositions to decorate your house, office, apartment or hotel or simple as a gift for a special friend.\",\"inLanguage\":\"en-US\",\"potentialAction\":[{\"@type\":\"ReadAction\",\"target\":[\"https:\/\/jaccovandenhoek.com\/en\/fine-art\/\"]}]},{\"@type\":\"ImageObject\",\"inLanguage\":\"en-US\",\"@id\":\"https:\/\/jaccovandenhoek.com\/en\/fine-art\/#primaryimage\",\"url\":\"https:\/\/jaccovandenhoek.com\/wp-content\/uploads\/2022\/02\/Art_Pincel_Img_640x640px.jpg\",\"contentUrl\":\"https:\/\/jaccovandenhoek.com\/wp-content\/uploads\/2022\/02\/Art_Pincel_Img_640x640px.jpg\"},{\"@type\":\"WebSite\",\"@id\":\"https:\/\/jaccovandenhoek.com\/en\/#website\",\"url\":\"https:\/\/jaccovandenhoek.com\/en\/\",\"name\":\"Jacco Van Den Hoek\",\"description\":\"Jacco Van Den Hoek\",\"potentialAction\":[{\"@type\":\"SearchAction\",\"target\":{\"@type\":\"EntryPoint\",\"urlTemplate\":\"https:\/\/jaccovandenhoek.com\/en\/?s={search_term_string}\"},\"query-input\":{\"@type\":\"PropertyValueSpecification\",\"valueRequired\":true,\"valueName\":\"search_term_string\"}}],\"inLanguage\":\"en-US\"}]}<\/script>\n<!-- \/ Yoast SEO plugin. -->","yoast_head_json":{"title":"Fine art - Jacco van den Hoek","description":"Fine art: Oil paintings and digital compositions to decorate your house, office, apartment or hotel or simple as a gift for a special friend.","robots":{"index":"index","follow":"follow","max-snippet":"max-snippet:-1","max-image-preview":"max-image-preview:large","max-video-preview":"max-video-preview:-1"},"canonical":"https:\/\/jaccovandenhoek.com\/en\/fine-art\/","og_locale":"en_US","og_type":"article","og_title":"El arte de Jacco van den Hoek","og_description":"Una pagina con las \u00faltimas obras de Jacco van den Hoek. Pintura al \u00f3leo, v\u00eddeo y composiciones digitales.","og_url":"https:\/\/jaccovandenhoek.com\/en\/fine-art\/","og_site_name":"Jacco Van Den Hoek","article_modified_time":"2025-11-22T19:45:07+00:00","og_image":[{"url":"https:\/\/jaccovandenhoek.com\/wp-content\/uploads\/2022\/02\/Art_Pincel_Img_640x640px.jpg","type":"","width":"","height":""}],"twitter_card":"summary_large_image","twitter_title":"El arte de Jacco van den Hoek","twitter_misc":{"Est. reading time":"1 minute"},"schema":{"@context":"https:\/\/schema.org","@graph":[{"@type":"WebPage","@id":"https:\/\/jaccovandenhoek.com\/en\/fine-art\/","url":"https:\/\/jaccovandenhoek.com\/en\/fine-art\/","name":"Fine art - Jacco van den Hoek","isPartOf":{"@id":"https:\/\/jaccovandenhoek.com\/en\/#website"},"primaryImageOfPage":{"@id":"https:\/\/jaccovandenhoek.com\/en\/fine-art\/#primaryimage"},"image":{"@id":"https:\/\/jaccovandenhoek.com\/en\/fine-art\/#primaryimage"},"thumbnailUrl":"https:\/\/jaccovandenhoek.com\/wp-content\/uploads\/2022\/02\/Art_Pincel_Img_640x640px.jpg","datePublished":"2015-05-29T13:01:35+00:00","dateModified":"2025-11-22T19:45:07+00:00","description":"Fine art: Oil paintings and digital compositions to decorate your house, office, apartment or hotel or simple as a gift for a special friend.","inLanguage":"en-US","potentialAction":[{"@type":"ReadAction","target":["https:\/\/jaccovandenhoek.com\/en\/fine-art\/"]}]},{"@type":"ImageObject","inLanguage":"en-US","@id":"https:\/\/jaccovandenhoek.com\/en\/fine-art\/#primaryimage","url":"https:\/\/jaccovandenhoek.com\/wp-content\/uploads\/2022\/02\/Art_Pincel_Img_640x640px.jpg","contentUrl":"https:\/\/jaccovandenhoek.com\/wp-content\/uploads\/2022\/02\/Art_Pincel_Img_640x640px.jpg"},{"@type":"WebSite","@id":"https:\/\/jaccovandenhoek.com\/en\/#website","url":"https:\/\/jaccovandenhoek.com\/en\/","name":"Jacco Van Den Hoek","description":"Jacco Van Den Hoek","potentialAction":[{"@type":"SearchAction","target":{"@type":"EntryPoint","urlTemplate":"https:\/\/jaccovandenhoek.com\/en\/?s={search_term_string}"},"query-input":{"@type":"PropertyValueSpecification","valueRequired":true,"valueName":"search_term_string"}}],"inLanguage":"en-US"}]}},"_links":{"self":[{"href":"https:\/\/jaccovandenhoek.com\/en\/wp-json\/wp\/v2\/pages\/1065","targetHints":{"allow":["GET"]}}],"collection":[{"href":"https:\/\/jaccovandenhoek.com\/en\/wp-json\/wp\/v2\/pages"}],"about":[{"href":"https:\/\/jaccovandenhoek.com\/en\/wp-json\/wp\/v2\/types\/page"}],"author":[{"embeddable":true,"href":"https:\/\/jaccovandenhoek.com\/en\/wp-json\/wp\/v2\/users\/2"}],"replies":[{"embeddable":true,"href":"https:\/\/jaccovandenhoek.com\/en\/wp-json\/wp\/v2\/comments?post=1065"}],"version-history":[{"count":67,"href":"https:\/\/jaccovandenhoek.com\/en\/wp-json\/wp\/v2\/pages\/1065\/revisions"}],"predecessor-version":[{"id":190948,"href":"https:\/\/jaccovandenhoek.com\/en\/wp-json\/wp\/v2\/pages\/1065\/revisions\/190948"}],"wp:attachment":[{"href":"https:\/\/jaccovandenhoek.com\/en\/wp-json\/wp\/v2\/media?parent=1065"}],"curies":[{"name":"wp","href":"https:\/\/api.w.org\/{rel}","templated":true}]}}