{"id":191040,"date":"2025-12-04T17:34:18","date_gmt":"2025-12-04T17:34:18","guid":{"rendered":"https:\/\/jaccovandenhoek.com\/?page_id=191040"},"modified":"2026-02-08T14:52:28","modified_gmt":"2026-02-08T14:52:28","slug":"water-colour","status":"publish","type":"page","link":"https:\/\/jaccovandenhoek.com\/en\/fine-art\/water-colour\/","title":{"rendered":"Water Colour"},"content":{"rendered":"<h2 style=\"margin-top: 0px !important; padding-left: 10px !important;\">Water colours<\/h2>\n<p style=\"\">\u200bWatercolour is a very different medium. \u200bExcepting the whims of the water and w\u200bhat you put onto the paper is not \u200bthe same once dried. \u200bStill looking \u200band investigating my own style\u200b.Work created in the Canary Islands. The intention for the future is to paint plein air, like I used to do with my oils. From my point of view\u200b, painting outside gives you nuances t\u200bhat you won&#8217;t have in a photo. <\/p>\n<p>   <a href=\"https:\/\/jaccovandenhoek.com\/en\/the-atlantic-ocean\/\" title=\"The Atlantic Ocean\" data-type-url=\"post_url\" data-type-display=\"default_image\" data-size=\"large\" data-post_id=\"191273\"><img width=\"428\" height=\"1080\" src=\"https:\/\/jaccovandenhoek.com\/wp-content\/uploads\/2025\/11\/0002-2025_100x250mm_Marina_GC_1200x476px-428x1080.jpg\" alt=\"\" decoding=\"async\" loading=\"lazy\" srcset=\"https:\/\/jaccovandenhoek.com\/wp-content\/uploads\/2025\/11\/0002-2025_100x250mm_Marina_GC_1200x476px-428x1080.jpg 428w, https:\/\/jaccovandenhoek.com\/wp-content\/uploads\/2025\/11\/0002-2025_100x250mm_Marina_GC_1200x476px-119x300.jpg 119w, https:\/\/jaccovandenhoek.com\/wp-content\/uploads\/2025\/11\/0002-2025_100x250mm_Marina_GC_1200x476px-60x150.jpg 60w, https:\/\/jaccovandenhoek.com\/wp-content\/uploads\/2025\/11\/0002-2025_100x250mm_Marina_GC_1200x476px.jpg 476w\" sizes=\"auto, (max-width: 428px) 100vw, 428px\" \/><\/a>  <\/p>\n<h4 style=\"\"><span data-attr-css=\"tve-u-6931c48583af07\" data-attr-link=\"1\" data-attr-rel=\"0\" data-attr-static-link=\"{&quot;className&quot;:&quot;&quot;,&quot;href&quot;:&quot;https:\/\/jaccovandenhoek.com\/en\/the-atlantic-ocean\/&quot;,&quot;title&quot;:&quot;The Atlantic Ocean&quot;,&quot;data-css&quot;:&quot;tve-u-6931c48583af07&quot;,&quot;class&quot;:&quot;&quot;}\" data-attr-target=\"0\" data-extra_key=\"\" data-option-inline=\"1\" data-shortcode=\"tcb_post_title\" data-shortcode-name=\"Post title\" style=\"\"><a href=\"https:\/\/jaccovandenhoek.com\/en\/the-atlantic-ocean\/\" title=\"The Atlantic Ocean\">The Atlantic Ocean<\/a><\/span><\/h4>\n<p>       <a href=\"https:\/\/jaccovandenhoek.com\/en\/the-atlantic-ocean\/\" rel=\"\" style=\"\"> <span><span style=\"\" data-tcb_hover_state_parent=\"\">+<\/span><span><\/span><\/span> <\/a> <span data-attr-css=\"\" data-attr-link=\"1\" data-attr-rel=\"0\" data-attr-target=\"0\" data-extra_key=\"\" data-option-inline=\"1\" data-shortcode=\"tcb_post_categories\" data-shortcode-name=\"List of categories\"><a href=\"https:\/\/jaccovandenhoek.com\/en\/category\/art\/\" title=\"Art\" data-css=\"\">Art<\/a>, <a href=\"https:\/\/jaccovandenhoek.com\/en\/category\/art\/oil-paintings\/canary-islands\/\" title=\"Canary Islands\" data-css=\"\">Canary Islands<\/a>, <a href=\"https:\/\/jaccovandenhoek.com\/en\/category\/art\/oil-paintings\/seascape\/\" title=\"Seascape\" data-css=\"\">Seascape<\/a>, <a href=\"https:\/\/jaccovandenhoek.com\/en\/category\/art\/up-till-50cm-format\/\" title=\"Up till 50cm format\" data-css=\"\">Up till 50cm format<\/a>, <a href=\"https:\/\/jaccovandenhoek.com\/en\/category\/art\/vertical\/\" title=\"Vertical\" data-css=\"\">Vertical<\/a>, <a href=\"https:\/\/jaccovandenhoek.com\/en\/category\/watercolour\/\" title=\"Watercolour\" data-css=\"\">Watercolour<\/a><\/span>   <a href=\"https:\/\/jaccovandenhoek.com\/en\/floodplains-of-the-river-ijssel\/\" title=\"Floodplains of the river IJssel\" data-type-url=\"post_url\" data-type-display=\"default_image\" data-size=\"large\" data-post_id=\"191249\"><img width=\"417\" height=\"1080\" src=\"https:\/\/jaccovandenhoek.com\/wp-content\/uploads\/2025\/11\/0003-2025_100x250mm_Paisaje_Uiterwaarden_NED_1200x476px-417x1080.jpg\" alt=\"\" decoding=\"async\" loading=\"lazy\" srcset=\"https:\/\/jaccovandenhoek.com\/wp-content\/uploads\/2025\/11\/0003-2025_100x250mm_Paisaje_Uiterwaarden_NED_1200x476px-417x1080.jpg 417w, https:\/\/jaccovandenhoek.com\/wp-content\/uploads\/2025\/11\/0003-2025_100x250mm_Paisaje_Uiterwaarden_NED_1200x476px-116x300.jpg 116w, https:\/\/jaccovandenhoek.com\/wp-content\/uploads\/2025\/11\/0003-2025_100x250mm_Paisaje_Uiterwaarden_NED_1200x476px-58x150.jpg 58w, https:\/\/jaccovandenhoek.com\/wp-content\/uploads\/2025\/11\/0003-2025_100x250mm_Paisaje_Uiterwaarden_NED_1200x476px.jpg 463w\" sizes=\"auto, (max-width: 417px) 100vw, 417px\" \/><\/a>  <\/p>\n<h4 style=\"\"><span data-attr-css=\"tve-u-6931c48583af07\" data-attr-link=\"1\" data-attr-rel=\"0\" data-attr-static-link=\"{&quot;className&quot;:&quot;&quot;,&quot;href&quot;:&quot;https:\/\/jaccovandenhoek.com\/en\/the-atlantic-ocean\/&quot;,&quot;title&quot;:&quot;The Atlantic Ocean&quot;,&quot;data-css&quot;:&quot;tve-u-6931c48583af07&quot;,&quot;class&quot;:&quot;&quot;}\" data-attr-target=\"0\" data-extra_key=\"\" data-option-inline=\"1\" data-shortcode=\"tcb_post_title\" data-shortcode-name=\"Post title\" style=\"\"><a href=\"https:\/\/jaccovandenhoek.com\/en\/floodplains-of-the-river-ijssel\/\" title=\"Floodplains of the river IJssel\">Floodplains of the river IJssel<\/a><\/span><\/h4>\n<p>       <a href=\"https:\/\/jaccovandenhoek.com\/en\/floodplains-of-the-river-ijssel\/\" rel=\"\" style=\"\"> <span><span style=\"\" data-tcb_hover_state_parent=\"\">+<\/span><span><\/span><\/span> <\/a> <span data-attr-css=\"\" data-attr-link=\"1\" data-attr-rel=\"0\" data-attr-target=\"0\" data-extra_key=\"\" data-option-inline=\"1\" data-shortcode=\"tcb_post_categories\" data-shortcode-name=\"List of categories\"><a href=\"https:\/\/jaccovandenhoek.com\/en\/category\/art\/\" title=\"Art\" data-css=\"\">Art<\/a>, <a href=\"https:\/\/jaccovandenhoek.com\/en\/category\/art\/oil-paintings\/landscape\/\" title=\"Landscape\" data-css=\"\">Landscape<\/a>, <a href=\"https:\/\/jaccovandenhoek.com\/en\/category\/art\/oil-paintings\/the-netherlands\/\" title=\"The Netherlands\" data-css=\"\">The Netherlands<\/a>, <a href=\"https:\/\/jaccovandenhoek.com\/en\/category\/art\/up-till-50cm-format\/\" title=\"Up till 50cm format\" data-css=\"\">Up till 50cm format<\/a>, <a href=\"https:\/\/jaccovandenhoek.com\/en\/category\/art\/vertical\/\" title=\"Vertical\" data-css=\"\">Vertical<\/a>, <a href=\"https:\/\/jaccovandenhoek.com\/en\/category\/watercolour\/\" title=\"Watercolour\" data-css=\"\">Watercolour<\/a><\/span>   <a href=\"https:\/\/jaccovandenhoek.com\/en\/view-of-lajares-fuerteventura\/\" title=\"View of Lajares &#8211; Fuerteventura\" data-type-url=\"post_url\" data-type-display=\"default_image\" data-size=\"large\" data-post_id=\"191011\"><img width=\"1200\" height=\"477\" src=\"https:\/\/jaccovandenhoek.com\/wp-content\/uploads\/2025\/11\/0006-2025_100x250mm_Paisaje_Lajares_ESP_1200x476px.jpg\" alt=\"\" decoding=\"async\" loading=\"lazy\" srcset=\"https:\/\/jaccovandenhoek.com\/wp-content\/uploads\/2025\/11\/0006-2025_100x250mm_Paisaje_Lajares_ESP_1200x476px.jpg 1200w, https:\/\/jaccovandenhoek.com\/wp-content\/uploads\/2025\/11\/0006-2025_100x250mm_Paisaje_Lajares_ESP_1200x476px-300x119.jpg 300w, https:\/\/jaccovandenhoek.com\/wp-content\/uploads\/2025\/11\/0006-2025_100x250mm_Paisaje_Lajares_ESP_1200x476px-150x60.jpg 150w, https:\/\/jaccovandenhoek.com\/wp-content\/uploads\/2025\/11\/0006-2025_100x250mm_Paisaje_Lajares_ESP_1200x476px-768x305.jpg 768w\" sizes=\"auto, (max-width: 1200px) 100vw, 1200px\" \/><\/a>  <\/p>\n<h4 style=\"\"><span data-attr-css=\"tve-u-6931c48583af07\" data-attr-link=\"1\" data-attr-rel=\"0\" data-attr-static-link=\"{&quot;className&quot;:&quot;&quot;,&quot;href&quot;:&quot;https:\/\/jaccovandenhoek.com\/en\/the-atlantic-ocean\/&quot;,&quot;title&quot;:&quot;The Atlantic Ocean&quot;,&quot;data-css&quot;:&quot;tve-u-6931c48583af07&quot;,&quot;class&quot;:&quot;&quot;}\" data-attr-target=\"0\" data-extra_key=\"\" data-option-inline=\"1\" data-shortcode=\"tcb_post_title\" data-shortcode-name=\"Post title\" style=\"\"><a href=\"https:\/\/jaccovandenhoek.com\/en\/view-of-lajares-fuerteventura\/\" title=\"View of Lajares \u2013 Fuerteventura\">View of Lajares \u2013 Fuerteventura<\/a><\/span><\/h4>\n<p>       <a href=\"https:\/\/jaccovandenhoek.com\/en\/view-of-lajares-fuerteventura\/\" rel=\"\" style=\"\"> <span><span style=\"\" data-tcb_hover_state_parent=\"\">+<\/span><span><\/span><\/span> <\/a> <span data-attr-css=\"\" data-attr-link=\"1\" data-attr-rel=\"0\" data-attr-target=\"0\" data-extra_key=\"\" data-option-inline=\"1\" data-shortcode=\"tcb_post_categories\" data-shortcode-name=\"List of categories\"><a href=\"https:\/\/jaccovandenhoek.com\/en\/category\/art\/\" title=\"Art\" data-css=\"\">Art<\/a>, <a href=\"https:\/\/jaccovandenhoek.com\/en\/category\/art\/oil-paintings\/canary-islands\/\" title=\"Canary Islands\" data-css=\"\">Canary Islands<\/a>, <a href=\"https:\/\/jaccovandenhoek.com\/en\/category\/art\/horizontal\/\" title=\"Horizontal\" data-css=\"\">Horizontal<\/a>, <a href=\"https:\/\/jaccovandenhoek.com\/en\/category\/art\/oil-paintings\/landscape\/\" title=\"Landscape\" data-css=\"\">Landscape<\/a>, <a href=\"https:\/\/jaccovandenhoek.com\/en\/category\/art\/up-till-50cm-format\/\" title=\"Up till 50cm format\" data-css=\"\">Up till 50cm format<\/a>, <a href=\"https:\/\/jaccovandenhoek.com\/en\/category\/watercolour\/\" title=\"Watercolour\" data-css=\"\">Watercolour<\/a><\/span>   <a href=\"https:\/\/jaccovandenhoek.com\/en\/the-river-ijssel-near-welsum\/\" title=\"The river IJssel near Welsum\" data-type-url=\"post_url\" data-type-display=\"default_image\" data-size=\"large\" data-post_id=\"191171\"><img width=\"1200\" height=\"473\" src=\"https:\/\/jaccovandenhoek.com\/wp-content\/uploads\/2025\/11\/0005-2025_100x250mm_Paisaje_IJssel_NED_1200x476px.jpg\" alt=\"\" decoding=\"async\" loading=\"lazy\" srcset=\"https:\/\/jaccovandenhoek.com\/wp-content\/uploads\/2025\/11\/0005-2025_100x250mm_Paisaje_IJssel_NED_1200x476px.jpg 1200w, https:\/\/jaccovandenhoek.com\/wp-content\/uploads\/2025\/11\/0005-2025_100x250mm_Paisaje_IJssel_NED_1200x476px-300x118.jpg 300w, https:\/\/jaccovandenhoek.com\/wp-content\/uploads\/2025\/11\/0005-2025_100x250mm_Paisaje_IJssel_NED_1200x476px-150x59.jpg 150w, https:\/\/jaccovandenhoek.com\/wp-content\/uploads\/2025\/11\/0005-2025_100x250mm_Paisaje_IJssel_NED_1200x476px-768x303.jpg 768w\" sizes=\"auto, (max-width: 1200px) 100vw, 1200px\" \/><\/a>  <\/p>\n<h4 style=\"\"><span data-attr-css=\"tve-u-6931c48583af07\" data-attr-link=\"1\" data-attr-rel=\"0\" data-attr-static-link=\"{&quot;className&quot;:&quot;&quot;,&quot;href&quot;:&quot;https:\/\/jaccovandenhoek.com\/en\/the-atlantic-ocean\/&quot;,&quot;title&quot;:&quot;The Atlantic Ocean&quot;,&quot;data-css&quot;:&quot;tve-u-6931c48583af07&quot;,&quot;class&quot;:&quot;&quot;}\" data-attr-target=\"0\" data-extra_key=\"\" data-option-inline=\"1\" data-shortcode=\"tcb_post_title\" data-shortcode-name=\"Post title\" style=\"\"><a href=\"https:\/\/jaccovandenhoek.com\/en\/the-river-ijssel-near-welsum\/\" title=\"The river IJssel near Welsum\">The river IJssel near Welsum<\/a><\/span><\/h4>\n<p>       <a href=\"https:\/\/jaccovandenhoek.com\/en\/the-river-ijssel-near-welsum\/\" rel=\"\" style=\"\"> <span><span style=\"\" data-tcb_hover_state_parent=\"\">+<\/span><span><\/span><\/span> <\/a> <span data-attr-css=\"\" data-attr-link=\"1\" data-attr-rel=\"0\" data-attr-target=\"0\" data-extra_key=\"\" data-option-inline=\"1\" data-shortcode=\"tcb_post_categories\" data-shortcode-name=\"List of categories\"><a href=\"https:\/\/jaccovandenhoek.com\/en\/category\/art\/\" title=\"Art\" data-css=\"\">Art<\/a>, <a href=\"https:\/\/jaccovandenhoek.com\/en\/category\/art\/horizontal\/\" title=\"Horizontal\" data-css=\"\">Horizontal<\/a>, <a href=\"https:\/\/jaccovandenhoek.com\/en\/category\/art\/oil-paintings\/landscape\/\" title=\"Landscape\" data-css=\"\">Landscape<\/a>, <a href=\"https:\/\/jaccovandenhoek.com\/en\/category\/art\/oil-paintings\/the-netherlands\/\" title=\"The Netherlands\" data-css=\"\">The Netherlands<\/a>, <a href=\"https:\/\/jaccovandenhoek.com\/en\/category\/art\/up-till-50cm-format\/\" title=\"Up till 50cm format\" data-css=\"\">Up till 50cm format<\/a>, <a href=\"https:\/\/jaccovandenhoek.com\/en\/category\/watercolour\/\" title=\"Watercolour\" data-css=\"\">Watercolour<\/a><\/span>   <a href=\"https:\/\/jaccovandenhoek.com\/en\/river-ijssel-near-veessen\/\" title=\"River IJssel near Veessen\" data-type-url=\"post_url\" data-type-display=\"default_image\" data-size=\"large\" data-post_id=\"191176\"><img width=\"1200\" height=\"447\" src=\"https:\/\/jaccovandenhoek.com\/wp-content\/uploads\/2025\/11\/0004-2025_100x250mm_Paisaje_IJssel_NED_1200x476px.jpg\" alt=\"\" decoding=\"async\" loading=\"lazy\" srcset=\"https:\/\/jaccovandenhoek.com\/wp-content\/uploads\/2025\/11\/0004-2025_100x250mm_Paisaje_IJssel_NED_1200x476px.jpg 1200w, https:\/\/jaccovandenhoek.com\/wp-content\/uploads\/2025\/11\/0004-2025_100x250mm_Paisaje_IJssel_NED_1200x476px-300x112.jpg 300w, https:\/\/jaccovandenhoek.com\/wp-content\/uploads\/2025\/11\/0004-2025_100x250mm_Paisaje_IJssel_NED_1200x476px-150x56.jpg 150w, https:\/\/jaccovandenhoek.com\/wp-content\/uploads\/2025\/11\/0004-2025_100x250mm_Paisaje_IJssel_NED_1200x476px-768x286.jpg 768w\" sizes=\"auto, (max-width: 1200px) 100vw, 1200px\" \/><\/a>  <\/p>\n<h4 style=\"\"><span data-attr-css=\"tve-u-6931c48583af07\" data-attr-link=\"1\" data-attr-rel=\"0\" data-attr-static-link=\"{&quot;className&quot;:&quot;&quot;,&quot;href&quot;:&quot;https:\/\/jaccovandenhoek.com\/en\/the-atlantic-ocean\/&quot;,&quot;title&quot;:&quot;The Atlantic Ocean&quot;,&quot;data-css&quot;:&quot;tve-u-6931c48583af07&quot;,&quot;class&quot;:&quot;&quot;}\" data-attr-target=\"0\" data-extra_key=\"\" data-option-inline=\"1\" data-shortcode=\"tcb_post_title\" data-shortcode-name=\"Post title\" style=\"\"><a href=\"https:\/\/jaccovandenhoek.com\/en\/river-ijssel-near-veessen\/\" title=\"River IJssel near Veessen\">River IJssel near Veessen<\/a><\/span><\/h4>\n<p>       <a href=\"https:\/\/jaccovandenhoek.com\/en\/river-ijssel-near-veessen\/\" rel=\"\" style=\"\"> <span><span style=\"\" data-tcb_hover_state_parent=\"\">+<\/span><span><\/span><\/span> <\/a> <span data-attr-css=\"\" data-attr-link=\"1\" data-attr-rel=\"0\" data-attr-target=\"0\" data-extra_key=\"\" data-option-inline=\"1\" data-shortcode=\"tcb_post_categories\" data-shortcode-name=\"List of categories\"><a href=\"https:\/\/jaccovandenhoek.com\/en\/category\/art\/\" title=\"Art\" data-css=\"\">Art<\/a>, <a href=\"https:\/\/jaccovandenhoek.com\/en\/category\/art\/horizontal\/\" title=\"Horizontal\" data-css=\"\">Horizontal<\/a>, <a href=\"https:\/\/jaccovandenhoek.com\/en\/category\/art\/oil-paintings\/landscape\/\" title=\"Landscape\" data-css=\"\">Landscape<\/a>, <a href=\"https:\/\/jaccovandenhoek.com\/en\/category\/art\/oil-paintings\/the-netherlands\/\" title=\"The Netherlands\" data-css=\"\">The Netherlands<\/a>, <a href=\"https:\/\/jaccovandenhoek.com\/en\/category\/art\/up-till-50cm-format\/\" title=\"Up till 50cm format\" data-css=\"\">Up till 50cm format<\/a>, <a href=\"https:\/\/jaccovandenhoek.com\/en\/category\/watercolour\/\" title=\"Watercolour\" data-css=\"\">Watercolour<\/a><\/span>   <a href=\"https:\/\/jaccovandenhoek.com\/en\/the-atlantic-ocean-las-canteras\/\" title=\"The Atlantic Ocean\" data-type-url=\"post_url\" data-type-display=\"default_image\" data-size=\"large\" data-post_id=\"191181\"><img width=\"1200\" height=\"852\" src=\"https:\/\/jaccovandenhoek.com\/wp-content\/uploads\/2025\/11\/0001-2025_360x260mm_Marina_GC_1200x852px.jpg\" alt=\"\" decoding=\"async\" loading=\"lazy\" srcset=\"https:\/\/jaccovandenhoek.com\/wp-content\/uploads\/2025\/11\/0001-2025_360x260mm_Marina_GC_1200x852px.jpg 1200w, https:\/\/jaccovandenhoek.com\/wp-content\/uploads\/2025\/11\/0001-2025_360x260mm_Marina_GC_1200x852px-300x213.jpg 300w, https:\/\/jaccovandenhoek.com\/wp-content\/uploads\/2025\/11\/0001-2025_360x260mm_Marina_GC_1200x852px-150x107.jpg 150w, https:\/\/jaccovandenhoek.com\/wp-content\/uploads\/2025\/11\/0001-2025_360x260mm_Marina_GC_1200x852px-768x545.jpg 768w\" sizes=\"auto, (max-width: 1200px) 100vw, 1200px\" \/><\/a>  <\/p>\n<h4 style=\"\"><span data-attr-css=\"tve-u-6931c48583af07\" data-attr-link=\"1\" data-attr-rel=\"0\" data-attr-static-link=\"{&quot;className&quot;:&quot;&quot;,&quot;href&quot;:&quot;https:\/\/jaccovandenhoek.com\/en\/the-atlantic-ocean\/&quot;,&quot;title&quot;:&quot;The Atlantic Ocean&quot;,&quot;data-css&quot;:&quot;tve-u-6931c48583af07&quot;,&quot;class&quot;:&quot;&quot;}\" data-attr-target=\"0\" data-extra_key=\"\" data-option-inline=\"1\" data-shortcode=\"tcb_post_title\" data-shortcode-name=\"Post title\" style=\"\"><a href=\"https:\/\/jaccovandenhoek.com\/en\/the-atlantic-ocean-las-canteras\/\" title=\"The Atlantic Ocean\">The Atlantic Ocean<\/a><\/span><\/h4>\n<p>       <a href=\"https:\/\/jaccovandenhoek.com\/en\/the-atlantic-ocean-las-canteras\/\" rel=\"\" style=\"\"> <span><span style=\"\" data-tcb_hover_state_parent=\"\">+<\/span><span><\/span><\/span> <\/a> <span data-attr-css=\"\" data-attr-link=\"1\" data-attr-rel=\"0\" data-attr-target=\"0\" data-extra_key=\"\" data-option-inline=\"1\" data-shortcode=\"tcb_post_categories\" data-shortcode-name=\"List of categories\"><a href=\"https:\/\/jaccovandenhoek.com\/en\/category\/art\/\" title=\"Art\" data-css=\"\">Art<\/a>, <a href=\"https:\/\/jaccovandenhoek.com\/en\/category\/art\/oil-paintings\/canary-islands\/\" title=\"Canary Islands\" data-css=\"\">Canary Islands<\/a>, <a href=\"https:\/\/jaccovandenhoek.com\/en\/category\/art\/horizontal\/\" title=\"Horizontal\" data-css=\"\">Horizontal<\/a>, <a href=\"https:\/\/jaccovandenhoek.com\/en\/category\/art\/oil-paintings\/seascape\/\" title=\"Seascape\" data-css=\"\">Seascape<\/a>, <a href=\"https:\/\/jaccovandenhoek.com\/en\/category\/art\/up-till-50cm-format\/\" title=\"Up till 50cm format\" data-css=\"\">Up till 50cm format<\/a>, <a href=\"https:\/\/jaccovandenhoek.com\/en\/category\/watercolour\/\" title=\"Watercolour\" data-css=\"\">Watercolour<\/a><\/span>   <\/p>\n","protected":false},"excerpt":{"rendered":"<p>Water colours \u200bWatercolour is a very different medium. \u200bExcepting the whims of the water and w\u200bhat you put onto the paper is not \u200bthe same once dried. \u200bStill looking \u200band investigating my own style\u200b.Work created in the Canary Islands. The intention for the future is to paint plein air, like I used to do with [&hellip;]<\/p>\n","protected":false},"author":2,"featured_media":190940,"parent":1065,"menu_order":0,"comment_status":"closed","ping_status":"open","template":"","meta":{"inline_featured_image":false,"footnotes":"","_wp_rev_ctl_limit":""},"class_list":["post-191040","page","type-page","status-publish","has-post-thumbnail","hentry","post-wrapper","thrv_wrapper"],"yoast_head":"<!-- This site is optimized with the Yoast SEO plugin v25.4 - https:\/\/yoast.com\/wordpress\/plugins\/seo\/ -->\n<title>Water Colour - Jacco van den Hoek<\/title>\n<meta name=\"description\" content=\"A selection of water colours. Skies, ocean, landscapes and urban themes are my main interest.\" \/>\n<meta name=\"robots\" content=\"index, follow, max-snippet:-1, max-image-preview:large, max-video-preview:-1\" \/>\n<link rel=\"canonical\" href=\"https:\/\/jaccovandenhoek.com\/en\/fine-art\/water-colour\/\" \/>\n<meta property=\"og:locale\" content=\"en_US\" \/>\n<meta property=\"og:type\" content=\"article\" \/>\n<meta property=\"og:title\" content=\"El arte de Jacco van den Hoek\" \/>\n<meta property=\"og:description\" content=\"Una pagina con las \u00faltimas obras de Jacco van den Hoek. Pintura al \u00f3leo, v\u00eddeo y composiciones digitales.\" \/>\n<meta property=\"og:url\" content=\"https:\/\/jaccovandenhoek.com\/en\/fine-art\/water-colour\/\" \/>\n<meta property=\"og:site_name\" content=\"Jacco Van Den Hoek\" \/>\n<meta property=\"article:modified_time\" content=\"2026-02-08T14:52:28+00:00\" \/>\n<meta property=\"og:image\" content=\"https:\/\/jaccovandenhoek.com\/wp-content\/uploads\/2025\/11\/acuarel_thumb_900x900px.jpg\" \/>\n\t<meta property=\"og:image:width\" content=\"900\" \/>\n\t<meta property=\"og:image:height\" content=\"900\" \/>\n\t<meta property=\"og:image:type\" content=\"image\/jpeg\" \/>\n<meta name=\"twitter:card\" content=\"summary_large_image\" \/>\n<meta name=\"twitter:title\" content=\"El arte de Jacco van den Hoek\" \/>\n<meta name=\"twitter:label1\" content=\"Est. reading time\" \/>\n\t<meta name=\"twitter:data1\" content=\"1 minute\" \/>\n<script type=\"application\/ld+json\" class=\"yoast-schema-graph\">{\"@context\":\"https:\/\/schema.org\",\"@graph\":[{\"@type\":\"WebPage\",\"@id\":\"https:\/\/jaccovandenhoek.com\/en\/fine-art\/water-colour\/\",\"url\":\"https:\/\/jaccovandenhoek.com\/en\/fine-art\/water-colour\/\",\"name\":\"Water Colour - Jacco van den Hoek\",\"isPartOf\":{\"@id\":\"https:\/\/jaccovandenhoek.com\/en\/#website\"},\"primaryImageOfPage\":{\"@id\":\"https:\/\/jaccovandenhoek.com\/en\/fine-art\/water-colour\/#primaryimage\"},\"image\":{\"@id\":\"https:\/\/jaccovandenhoek.com\/en\/fine-art\/water-colour\/#primaryimage\"},\"thumbnailUrl\":\"https:\/\/jaccovandenhoek.com\/wp-content\/uploads\/2025\/11\/acuarel_thumb_900x900px.jpg\",\"datePublished\":\"2025-12-04T17:34:18+00:00\",\"dateModified\":\"2026-02-08T14:52:28+00:00\",\"description\":\"A selection of water colours. Skies, ocean, landscapes and urban themes are my main interest.\",\"breadcrumb\":{\"@id\":\"https:\/\/jaccovandenhoek.com\/en\/fine-art\/water-colour\/#breadcrumb\"},\"inLanguage\":\"en-US\",\"potentialAction\":[{\"@type\":\"ReadAction\",\"target\":[\"https:\/\/jaccovandenhoek.com\/en\/fine-art\/water-colour\/\"]}]},{\"@type\":\"ImageObject\",\"inLanguage\":\"en-US\",\"@id\":\"https:\/\/jaccovandenhoek.com\/en\/fine-art\/water-colour\/#primaryimage\",\"url\":\"https:\/\/jaccovandenhoek.com\/wp-content\/uploads\/2025\/11\/acuarel_thumb_900x900px.jpg\",\"contentUrl\":\"https:\/\/jaccovandenhoek.com\/wp-content\/uploads\/2025\/11\/acuarel_thumb_900x900px.jpg\",\"width\":900,\"height\":900,\"caption\":\"acuarela thumb\"},{\"@type\":\"BreadcrumbList\",\"@id\":\"https:\/\/jaccovandenhoek.com\/en\/fine-art\/water-colour\/#breadcrumb\",\"itemListElement\":[{\"@type\":\"ListItem\",\"position\":1,\"name\":\"Fine art\",\"item\":\"https:\/\/jaccovandenhoek.com\/en\/fine-art\/\"},{\"@type\":\"ListItem\",\"position\":2,\"name\":\"Water Colour\"}]},{\"@type\":\"WebSite\",\"@id\":\"https:\/\/jaccovandenhoek.com\/en\/#website\",\"url\":\"https:\/\/jaccovandenhoek.com\/en\/\",\"name\":\"Jacco Van Den Hoek\",\"description\":\"Jacco Van Den Hoek\",\"potentialAction\":[{\"@type\":\"SearchAction\",\"target\":{\"@type\":\"EntryPoint\",\"urlTemplate\":\"https:\/\/jaccovandenhoek.com\/en\/?s={search_term_string}\"},\"query-input\":{\"@type\":\"PropertyValueSpecification\",\"valueRequired\":true,\"valueName\":\"search_term_string\"}}],\"inLanguage\":\"en-US\"}]}<\/script>\n<!-- \/ Yoast SEO plugin. -->","yoast_head_json":{"title":"Water Colour - Jacco van den Hoek","description":"A selection of water colours. Skies, ocean, landscapes and urban themes are my main interest.","robots":{"index":"index","follow":"follow","max-snippet":"max-snippet:-1","max-image-preview":"max-image-preview:large","max-video-preview":"max-video-preview:-1"},"canonical":"https:\/\/jaccovandenhoek.com\/en\/fine-art\/water-colour\/","og_locale":"en_US","og_type":"article","og_title":"El arte de Jacco van den Hoek","og_description":"Una pagina con las \u00faltimas obras de Jacco van den Hoek. Pintura al \u00f3leo, v\u00eddeo y composiciones digitales.","og_url":"https:\/\/jaccovandenhoek.com\/en\/fine-art\/water-colour\/","og_site_name":"Jacco Van Den Hoek","article_modified_time":"2026-02-08T14:52:28+00:00","og_image":[{"width":900,"height":900,"url":"https:\/\/jaccovandenhoek.com\/wp-content\/uploads\/2025\/11\/acuarel_thumb_900x900px.jpg","type":"image\/jpeg"}],"twitter_card":"summary_large_image","twitter_title":"El arte de Jacco van den Hoek","twitter_misc":{"Est. reading time":"1 minute"},"schema":{"@context":"https:\/\/schema.org","@graph":[{"@type":"WebPage","@id":"https:\/\/jaccovandenhoek.com\/en\/fine-art\/water-colour\/","url":"https:\/\/jaccovandenhoek.com\/en\/fine-art\/water-colour\/","name":"Water Colour - Jacco van den Hoek","isPartOf":{"@id":"https:\/\/jaccovandenhoek.com\/en\/#website"},"primaryImageOfPage":{"@id":"https:\/\/jaccovandenhoek.com\/en\/fine-art\/water-colour\/#primaryimage"},"image":{"@id":"https:\/\/jaccovandenhoek.com\/en\/fine-art\/water-colour\/#primaryimage"},"thumbnailUrl":"https:\/\/jaccovandenhoek.com\/wp-content\/uploads\/2025\/11\/acuarel_thumb_900x900px.jpg","datePublished":"2025-12-04T17:34:18+00:00","dateModified":"2026-02-08T14:52:28+00:00","description":"A selection of water colours. Skies, ocean, landscapes and urban themes are my main interest.","breadcrumb":{"@id":"https:\/\/jaccovandenhoek.com\/en\/fine-art\/water-colour\/#breadcrumb"},"inLanguage":"en-US","potentialAction":[{"@type":"ReadAction","target":["https:\/\/jaccovandenhoek.com\/en\/fine-art\/water-colour\/"]}]},{"@type":"ImageObject","inLanguage":"en-US","@id":"https:\/\/jaccovandenhoek.com\/en\/fine-art\/water-colour\/#primaryimage","url":"https:\/\/jaccovandenhoek.com\/wp-content\/uploads\/2025\/11\/acuarel_thumb_900x900px.jpg","contentUrl":"https:\/\/jaccovandenhoek.com\/wp-content\/uploads\/2025\/11\/acuarel_thumb_900x900px.jpg","width":900,"height":900,"caption":"acuarela thumb"},{"@type":"BreadcrumbList","@id":"https:\/\/jaccovandenhoek.com\/en\/fine-art\/water-colour\/#breadcrumb","itemListElement":[{"@type":"ListItem","position":1,"name":"Fine art","item":"https:\/\/jaccovandenhoek.com\/en\/fine-art\/"},{"@type":"ListItem","position":2,"name":"Water Colour"}]},{"@type":"WebSite","@id":"https:\/\/jaccovandenhoek.com\/en\/#website","url":"https:\/\/jaccovandenhoek.com\/en\/","name":"Jacco Van Den Hoek","description":"Jacco Van Den Hoek","potentialAction":[{"@type":"SearchAction","target":{"@type":"EntryPoint","urlTemplate":"https:\/\/jaccovandenhoek.com\/en\/?s={search_term_string}"},"query-input":{"@type":"PropertyValueSpecification","valueRequired":true,"valueName":"search_term_string"}}],"inLanguage":"en-US"}]}},"_links":{"self":[{"href":"https:\/\/jaccovandenhoek.com\/en\/wp-json\/wp\/v2\/pages\/191040","targetHints":{"allow":["GET"]}}],"collection":[{"href":"https:\/\/jaccovandenhoek.com\/en\/wp-json\/wp\/v2\/pages"}],"about":[{"href":"https:\/\/jaccovandenhoek.com\/en\/wp-json\/wp\/v2\/types\/page"}],"author":[{"embeddable":true,"href":"https:\/\/jaccovandenhoek.com\/en\/wp-json\/wp\/v2\/users\/2"}],"replies":[{"embeddable":true,"href":"https:\/\/jaccovandenhoek.com\/en\/wp-json\/wp\/v2\/comments?post=191040"}],"version-history":[{"count":9,"href":"https:\/\/jaccovandenhoek.com\/en\/wp-json\/wp\/v2\/pages\/191040\/revisions"}],"predecessor-version":[{"id":191281,"href":"https:\/\/jaccovandenhoek.com\/en\/wp-json\/wp\/v2\/pages\/191040\/revisions\/191281"}],"up":[{"embeddable":true,"href":"https:\/\/jaccovandenhoek.com\/en\/wp-json\/wp\/v2\/pages\/1065"}],"wp:featuredmedia":[{"embeddable":true,"href":"https:\/\/jaccovandenhoek.com\/en\/wp-json\/wp\/v2\/media\/190940"}],"wp:attachment":[{"href":"https:\/\/jaccovandenhoek.com\/en\/wp-json\/wp\/v2\/media?parent=191040"}],"curies":[{"name":"wp","href":"https:\/\/api.w.org\/{rel}","templated":true}]}}