{"id":3617,"date":"2016-10-25T11:53:36","date_gmt":"2016-10-25T11:53:36","guid":{"rendered":"https:\/\/art.jaccovandenhoek.com\/en\/fine-art\/ilustraciones\/"},"modified":"2024-03-11T19:25:14","modified_gmt":"2024-03-11T19:25:14","slug":"illustrations","status":"publish","type":"page","link":"https:\/\/jaccovandenhoek.com\/en\/fine-art\/illustrations\/","title":{"rendered":"Illustrations"},"content":{"rendered":"<h2 style=\"margin-top: 0px !important; padding-left: 10px !important;\">Illustrations<\/h2>\n<p>   <a href=\"https:\/\/jaccovandenhoek.com\/en\/maternity\/\" title=\"Maternity\" data-type-url=\"post_url\" data-type-display=\"default_image\" data-size=\"large\" data-post_id=\"190425\"><img width=\"1202\" height=\"976\" src=\"https:\/\/jaccovandenhoek.com\/wp-content\/uploads\/2023\/08\/Digital_Farmacia-Boletos_1200x923px_Feat.png\" alt=\"\" decoding=\"async\" loading=\"lazy\" srcset=\"https:\/\/jaccovandenhoek.com\/wp-content\/uploads\/2023\/08\/Digital_Farmacia-Boletos_1200x923px_Feat.png 1202w, https:\/\/jaccovandenhoek.com\/wp-content\/uploads\/2023\/08\/Digital_Farmacia-Boletos_1200x923px_Feat-300x244.png 300w, https:\/\/jaccovandenhoek.com\/wp-content\/uploads\/2023\/08\/Digital_Farmacia-Boletos_1200x923px_Feat-150x122.png 150w, https:\/\/jaccovandenhoek.com\/wp-content\/uploads\/2023\/08\/Digital_Farmacia-Boletos_1200x923px_Feat-768x624.png 768w\" sizes=\"auto, (max-width: 1202px) 100vw, 1202px\" \/><\/a>  <\/p>\n<h4 style=\"\"><span data-attr-css=\"tve-u-18180a00083\" data-attr-link=\"1\" data-attr-rel=\"0\" data-attr-static-link=\"{&quot;className&quot;:&quot;&quot;,&quot;href&quot;:&quot;https:\/\/jaccovandenhoek.com\/en\/maternity\/&quot;,&quot;title&quot;:&quot;Maternity&quot;,&quot;data-css&quot;:&quot;tve-u-18180a00083&quot;,&quot;class&quot;:&quot;&quot;}\" data-attr-target=\"0\" data-extra_key=\"\" data-option-inline=\"1\" data-shortcode=\"tcb_post_title\" data-shortcode-name=\"Post title\" style=\"\"><a href=\"https:\/\/jaccovandenhoek.com\/en\/maternity\/\" title=\"Maternity\">Maternity<\/a><\/span><\/h4>\n<p>       <a href=\"https:\/\/jaccovandenhoek.com\/en\/maternity\/\" rel=\"\" style=\"\"> <span><span style=\"\" data-tcb_hover_state_parent=\"\">READ MORE<\/span><span><\/span><\/span> <\/a> <span data-attr-css=\"\" data-attr-link=\"1\" data-attr-rel=\"0\" data-attr-target=\"0\" data-extra_key=\"\" data-option-inline=\"1\" data-shortcode=\"tcb_post_categories\" data-shortcode-name=\"List of categories\"><a href=\"https:\/\/jaccovandenhoek.com\/en\/category\/art\/\" title=\"Art\" data-css=\"\">Art<\/a>, <a href=\"https:\/\/jaccovandenhoek.com\/en\/category\/graphic-design\/communication\/\" title=\"Communication\" data-css=\"\">Communication<\/a>, <a href=\"https:\/\/jaccovandenhoek.com\/en\/category\/graphic-design\/\" title=\"Graphic design\" data-css=\"\">Graphic design<\/a>, <a href=\"https:\/\/jaccovandenhoek.com\/en\/category\/art\/illustrations\/\" title=\"Illustrations\" data-css=\"\">Illustrations<\/a>, <a href=\"https:\/\/jaccovandenhoek.com\/nl\/category\/mijn-categorie\/\" title=\"Mijn categorie\" data-css=\"\">Mijn categorie<\/a>, <a href=\"https:\/\/jaccovandenhoek.com\/en\/category\/art\/sold-en\/\" title=\"Sold\" data-css=\"\">Sold<\/a><\/span>   <a href=\"https:\/\/jaccovandenhoek.com\/en\/creative-craft-shop\/\" title=\"Creative Craft shop\" data-type-url=\"post_url\" data-type-display=\"default_image\" data-size=\"large\" data-post_id=\"190391\"><img width=\"972\" height=\"1080\" src=\"https:\/\/jaccovandenhoek.com\/wp-content\/uploads\/2023\/08\/Digital_AsociacionArtesanos_1200x1080px_Feat-972x1080.jpg\" alt=\"\" decoding=\"async\" loading=\"lazy\" srcset=\"https:\/\/jaccovandenhoek.com\/wp-content\/uploads\/2023\/08\/Digital_AsociacionArtesanos_1200x1080px_Feat-972x1080.jpg 972w, https:\/\/jaccovandenhoek.com\/wp-content\/uploads\/2023\/08\/Digital_AsociacionArtesanos_1200x1080px_Feat-270x300.jpg 270w, https:\/\/jaccovandenhoek.com\/wp-content\/uploads\/2023\/08\/Digital_AsociacionArtesanos_1200x1080px_Feat-135x150.jpg 135w, https:\/\/jaccovandenhoek.com\/wp-content\/uploads\/2023\/08\/Digital_AsociacionArtesanos_1200x1080px_Feat-768x853.jpg 768w, https:\/\/jaccovandenhoek.com\/wp-content\/uploads\/2023\/08\/Digital_AsociacionArtesanos_1200x1080px_Feat.jpg 1080w\" sizes=\"auto, (max-width: 972px) 100vw, 972px\" \/><\/a>  <\/p>\n<h4 style=\"\"><span data-attr-css=\"tve-u-18180a00083\" data-attr-link=\"1\" data-attr-rel=\"0\" data-attr-static-link=\"{&quot;className&quot;:&quot;&quot;,&quot;href&quot;:&quot;https:\/\/jaccovandenhoek.com\/en\/maternity\/&quot;,&quot;title&quot;:&quot;Maternity&quot;,&quot;data-css&quot;:&quot;tve-u-18180a00083&quot;,&quot;class&quot;:&quot;&quot;}\" data-attr-target=\"0\" data-extra_key=\"\" data-option-inline=\"1\" data-shortcode=\"tcb_post_title\" data-shortcode-name=\"Post title\" style=\"\"><a href=\"https:\/\/jaccovandenhoek.com\/en\/creative-craft-shop\/\" title=\"Creative Craft shop\">Creative Craft shop<\/a><\/span><\/h4>\n<p>       <a href=\"https:\/\/jaccovandenhoek.com\/en\/creative-craft-shop\/\" rel=\"\" style=\"\"> <span><span style=\"\" data-tcb_hover_state_parent=\"\">READ MORE<\/span><span><\/span><\/span> <\/a> <span data-attr-css=\"\" data-attr-link=\"1\" data-attr-rel=\"0\" data-attr-target=\"0\" data-extra_key=\"\" data-option-inline=\"1\" data-shortcode=\"tcb_post_categories\" data-shortcode-name=\"List of categories\"><a href=\"https:\/\/jaccovandenhoek.com\/en\/category\/art\/\" title=\"Art\" data-css=\"\">Art<\/a>, <a href=\"https:\/\/jaccovandenhoek.com\/en\/category\/art\/oil-paintings\/canary-islands\/\" title=\"Canary Islands\" data-css=\"\">Canary Islands<\/a>, <a href=\"https:\/\/jaccovandenhoek.com\/en\/category\/art\/digital-art\/\" title=\"Digital art\" data-css=\"\">Digital art<\/a>, <a href=\"https:\/\/jaccovandenhoek.com\/en\/category\/art\/illustrations\/\" title=\"Illustrations\" data-css=\"\">Illustrations<\/a>, <a href=\"https:\/\/jaccovandenhoek.com\/en\/category\/art\/sold-en\/\" title=\"Sold\" data-css=\"\">Sold<\/a>, <a href=\"https:\/\/jaccovandenhoek.com\/en\/category\/art\/up-till-50cm-format\/\" title=\"Up till 50cm format\" data-css=\"\">Up till 50cm format<\/a>, <a href=\"https:\/\/jaccovandenhoek.com\/en\/category\/art\/vertical\/\" title=\"Vertical\" data-css=\"\">Vertical<\/a><\/span>   <a href=\"https:\/\/jaccovandenhoek.com\/en\/illustration-the-manchurian-dragon\/\" title=\"The Manchurian Dragon\" data-type-url=\"post_url\" data-type-display=\"default_image\" data-size=\"large\" data-post_id=\"189622\"><img width=\"618\" height=\"1080\" src=\"https:\/\/jaccovandenhoek.com\/wp-content\/uploads\/2022\/04\/Dragon_dragon_380x600mm_1200x686px_Feat-618x1080.jpg\" alt=\"Dragon de Manchuria - Dragon\" decoding=\"async\" loading=\"lazy\" srcset=\"https:\/\/jaccovandenhoek.com\/wp-content\/uploads\/2022\/04\/Dragon_dragon_380x600mm_1200x686px_Feat-618x1080.jpg 618w, https:\/\/jaccovandenhoek.com\/wp-content\/uploads\/2022\/04\/Dragon_dragon_380x600mm_1200x686px_Feat-172x300.jpg 172w, https:\/\/jaccovandenhoek.com\/wp-content\/uploads\/2022\/04\/Dragon_dragon_380x600mm_1200x686px_Feat-86x150.jpg 86w, https:\/\/jaccovandenhoek.com\/wp-content\/uploads\/2022\/04\/Dragon_dragon_380x600mm_1200x686px_Feat.jpg 687w\" sizes=\"auto, (max-width: 618px) 100vw, 618px\" \/><\/a>  <\/p>\n<h4 style=\"\"><span data-attr-css=\"tve-u-18180a00083\" data-attr-link=\"1\" data-attr-rel=\"0\" data-attr-static-link=\"{&quot;className&quot;:&quot;&quot;,&quot;href&quot;:&quot;https:\/\/jaccovandenhoek.com\/en\/maternity\/&quot;,&quot;title&quot;:&quot;Maternity&quot;,&quot;data-css&quot;:&quot;tve-u-18180a00083&quot;,&quot;class&quot;:&quot;&quot;}\" data-attr-target=\"0\" data-extra_key=\"\" data-option-inline=\"1\" data-shortcode=\"tcb_post_title\" data-shortcode-name=\"Post title\" style=\"\"><a href=\"https:\/\/jaccovandenhoek.com\/en\/illustration-the-manchurian-dragon\/\" title=\"The Manchurian Dragon\">The Manchurian Dragon<\/a><\/span><\/h4>\n<p>       <a href=\"https:\/\/jaccovandenhoek.com\/en\/illustration-the-manchurian-dragon\/\" rel=\"\" style=\"\"> <span><span style=\"\" data-tcb_hover_state_parent=\"\">READ MORE<\/span><span><\/span><\/span> <\/a> <span data-attr-css=\"\" data-attr-link=\"1\" data-attr-rel=\"0\" data-attr-target=\"0\" data-extra_key=\"\" data-option-inline=\"1\" data-shortcode=\"tcb_post_categories\" data-shortcode-name=\"List of categories\"><a href=\"https:\/\/jaccovandenhoek.com\/en\/category\/art\/\" title=\"Art\" data-css=\"\">Art<\/a>, <a href=\"https:\/\/jaccovandenhoek.com\/en\/category\/art\/digital-art\/\" title=\"Digital art\" data-css=\"\">Digital art<\/a>, <a href=\"https:\/\/jaccovandenhoek.com\/en\/category\/art\/illustrations\/\" title=\"Illustrations\" data-css=\"\">Illustrations<\/a><\/span>   <\/p>\n","protected":false},"excerpt":{"rendered":"<p>Illustrations Maternity READ MORE Art, Communication, Graphic design, Illustrations, Mijn categorie, Sold Creative Craft shop READ MORE Art, Canary Islands, Digital art, Illustrations, Sold, Up till 50cm format, Vertical The Manchurian Dragon READ MORE Art, Digital art, Illustrations<\/p>\n","protected":false},"author":2,"featured_media":188519,"parent":1065,"menu_order":0,"comment_status":"closed","ping_status":"open","template":"","meta":{"inline_featured_image":false,"footnotes":"","_wp_rev_ctl_limit":""},"class_list":["post-3617","page","type-page","status-publish","has-post-thumbnail","hentry","post-wrapper","thrv_wrapper"],"yoast_head":"<!-- This site is optimized with the Yoast SEO plugin v25.4 - https:\/\/yoast.com\/wordpress\/plugins\/seo\/ -->\n<title>Illustrations - Jacco van den Hoek<\/title>\n<meta name=\"description\" content=\"Illustrations. Editorial, comercial or personal. With Chinese ink, watercolours or computer generated. Always with a organic and personal feel.\" \/>\n<meta name=\"robots\" content=\"index, follow, max-snippet:-1, max-image-preview:large, max-video-preview:-1\" \/>\n<link rel=\"canonical\" href=\"https:\/\/jaccovandenhoek.com\/en\/fine-art\/illustrations\/\" \/>\n<meta property=\"og:locale\" content=\"en_US\" \/>\n<meta property=\"og:type\" content=\"article\" \/>\n<meta property=\"og:title\" content=\"El arte de Jacco van den Hoek\" \/>\n<meta property=\"og:description\" content=\"Una pagina con las \u00faltimas obras de Jacco van den Hoek. Pintura al \u00f3leo, v\u00eddeo y composiciones digitales.\" \/>\n<meta property=\"og:url\" content=\"https:\/\/jaccovandenhoek.com\/en\/fine-art\/illustrations\/\" \/>\n<meta property=\"og:site_name\" content=\"Jacco Van Den Hoek\" \/>\n<meta property=\"article:modified_time\" content=\"2024-03-11T19:25:14+00:00\" \/>\n<meta property=\"og:image\" content=\"https:\/\/jaccovandenhoek.com\/wp-content\/uploads\/2022\/06\/Ilustraciones_thumb_900x900px.jpg\" \/>\n\t<meta property=\"og:image:width\" content=\"900\" \/>\n\t<meta property=\"og:image:height\" content=\"900\" \/>\n\t<meta property=\"og:image:type\" content=\"image\/jpeg\" \/>\n<meta name=\"twitter:card\" content=\"summary_large_image\" \/>\n<meta name=\"twitter:title\" content=\"El arte de Jacco van den Hoek\" \/>\n<meta name=\"twitter:label1\" content=\"Est. reading time\" \/>\n\t<meta name=\"twitter:data1\" content=\"1 minute\" \/>\n<script type=\"application\/ld+json\" class=\"yoast-schema-graph\">{\"@context\":\"https:\/\/schema.org\",\"@graph\":[{\"@type\":\"WebPage\",\"@id\":\"https:\/\/jaccovandenhoek.com\/en\/fine-art\/illustrations\/\",\"url\":\"https:\/\/jaccovandenhoek.com\/en\/fine-art\/illustrations\/\",\"name\":\"Illustrations - Jacco van den Hoek\",\"isPartOf\":{\"@id\":\"https:\/\/jaccovandenhoek.com\/en\/#website\"},\"primaryImageOfPage\":{\"@id\":\"https:\/\/jaccovandenhoek.com\/en\/fine-art\/illustrations\/#primaryimage\"},\"image\":{\"@id\":\"https:\/\/jaccovandenhoek.com\/en\/fine-art\/illustrations\/#primaryimage\"},\"thumbnailUrl\":\"https:\/\/jaccovandenhoek.com\/wp-content\/uploads\/2022\/06\/Ilustraciones_thumb_900x900px.jpg\",\"datePublished\":\"2016-10-25T11:53:36+00:00\",\"dateModified\":\"2024-03-11T19:25:14+00:00\",\"description\":\"Illustrations. Editorial, comercial or personal. With Chinese ink, watercolours or computer generated. Always with a organic and personal feel.\",\"breadcrumb\":{\"@id\":\"https:\/\/jaccovandenhoek.com\/en\/fine-art\/illustrations\/#breadcrumb\"},\"inLanguage\":\"en-US\",\"potentialAction\":[{\"@type\":\"ReadAction\",\"target\":[\"https:\/\/jaccovandenhoek.com\/en\/fine-art\/illustrations\/\"]}]},{\"@type\":\"ImageObject\",\"inLanguage\":\"en-US\",\"@id\":\"https:\/\/jaccovandenhoek.com\/en\/fine-art\/illustrations\/#primaryimage\",\"url\":\"https:\/\/jaccovandenhoek.com\/wp-content\/uploads\/2022\/06\/Ilustraciones_thumb_900x900px.jpg\",\"contentUrl\":\"https:\/\/jaccovandenhoek.com\/wp-content\/uploads\/2022\/06\/Ilustraciones_thumb_900x900px.jpg\",\"width\":900,\"height\":900},{\"@type\":\"BreadcrumbList\",\"@id\":\"https:\/\/jaccovandenhoek.com\/en\/fine-art\/illustrations\/#breadcrumb\",\"itemListElement\":[{\"@type\":\"ListItem\",\"position\":1,\"name\":\"Fine art\",\"item\":\"https:\/\/jaccovandenhoek.com\/en\/fine-art\/\"},{\"@type\":\"ListItem\",\"position\":2,\"name\":\"Illustrations\"}]},{\"@type\":\"WebSite\",\"@id\":\"https:\/\/jaccovandenhoek.com\/en\/#website\",\"url\":\"https:\/\/jaccovandenhoek.com\/en\/\",\"name\":\"Jacco Van Den Hoek\",\"description\":\"Jacco Van Den Hoek\",\"potentialAction\":[{\"@type\":\"SearchAction\",\"target\":{\"@type\":\"EntryPoint\",\"urlTemplate\":\"https:\/\/jaccovandenhoek.com\/en\/?s={search_term_string}\"},\"query-input\":{\"@type\":\"PropertyValueSpecification\",\"valueRequired\":true,\"valueName\":\"search_term_string\"}}],\"inLanguage\":\"en-US\"}]}<\/script>\n<!-- \/ Yoast SEO plugin. -->","yoast_head_json":{"title":"Illustrations - Jacco van den Hoek","description":"Illustrations. Editorial, comercial or personal. With Chinese ink, watercolours or computer generated. Always with a organic and personal feel.","robots":{"index":"index","follow":"follow","max-snippet":"max-snippet:-1","max-image-preview":"max-image-preview:large","max-video-preview":"max-video-preview:-1"},"canonical":"https:\/\/jaccovandenhoek.com\/en\/fine-art\/illustrations\/","og_locale":"en_US","og_type":"article","og_title":"El arte de Jacco van den Hoek","og_description":"Una pagina con las \u00faltimas obras de Jacco van den Hoek. Pintura al \u00f3leo, v\u00eddeo y composiciones digitales.","og_url":"https:\/\/jaccovandenhoek.com\/en\/fine-art\/illustrations\/","og_site_name":"Jacco Van Den Hoek","article_modified_time":"2024-03-11T19:25:14+00:00","og_image":[{"width":900,"height":900,"url":"https:\/\/jaccovandenhoek.com\/wp-content\/uploads\/2022\/06\/Ilustraciones_thumb_900x900px.jpg","type":"image\/jpeg"}],"twitter_card":"summary_large_image","twitter_title":"El arte de Jacco van den Hoek","twitter_misc":{"Est. reading time":"1 minute"},"schema":{"@context":"https:\/\/schema.org","@graph":[{"@type":"WebPage","@id":"https:\/\/jaccovandenhoek.com\/en\/fine-art\/illustrations\/","url":"https:\/\/jaccovandenhoek.com\/en\/fine-art\/illustrations\/","name":"Illustrations - Jacco van den Hoek","isPartOf":{"@id":"https:\/\/jaccovandenhoek.com\/en\/#website"},"primaryImageOfPage":{"@id":"https:\/\/jaccovandenhoek.com\/en\/fine-art\/illustrations\/#primaryimage"},"image":{"@id":"https:\/\/jaccovandenhoek.com\/en\/fine-art\/illustrations\/#primaryimage"},"thumbnailUrl":"https:\/\/jaccovandenhoek.com\/wp-content\/uploads\/2022\/06\/Ilustraciones_thumb_900x900px.jpg","datePublished":"2016-10-25T11:53:36+00:00","dateModified":"2024-03-11T19:25:14+00:00","description":"Illustrations. Editorial, comercial or personal. With Chinese ink, watercolours or computer generated. Always with a organic and personal feel.","breadcrumb":{"@id":"https:\/\/jaccovandenhoek.com\/en\/fine-art\/illustrations\/#breadcrumb"},"inLanguage":"en-US","potentialAction":[{"@type":"ReadAction","target":["https:\/\/jaccovandenhoek.com\/en\/fine-art\/illustrations\/"]}]},{"@type":"ImageObject","inLanguage":"en-US","@id":"https:\/\/jaccovandenhoek.com\/en\/fine-art\/illustrations\/#primaryimage","url":"https:\/\/jaccovandenhoek.com\/wp-content\/uploads\/2022\/06\/Ilustraciones_thumb_900x900px.jpg","contentUrl":"https:\/\/jaccovandenhoek.com\/wp-content\/uploads\/2022\/06\/Ilustraciones_thumb_900x900px.jpg","width":900,"height":900},{"@type":"BreadcrumbList","@id":"https:\/\/jaccovandenhoek.com\/en\/fine-art\/illustrations\/#breadcrumb","itemListElement":[{"@type":"ListItem","position":1,"name":"Fine art","item":"https:\/\/jaccovandenhoek.com\/en\/fine-art\/"},{"@type":"ListItem","position":2,"name":"Illustrations"}]},{"@type":"WebSite","@id":"https:\/\/jaccovandenhoek.com\/en\/#website","url":"https:\/\/jaccovandenhoek.com\/en\/","name":"Jacco Van Den Hoek","description":"Jacco Van Den Hoek","potentialAction":[{"@type":"SearchAction","target":{"@type":"EntryPoint","urlTemplate":"https:\/\/jaccovandenhoek.com\/en\/?s={search_term_string}"},"query-input":{"@type":"PropertyValueSpecification","valueRequired":true,"valueName":"search_term_string"}}],"inLanguage":"en-US"}]}},"_links":{"self":[{"href":"https:\/\/jaccovandenhoek.com\/en\/wp-json\/wp\/v2\/pages\/3617","targetHints":{"allow":["GET"]}}],"collection":[{"href":"https:\/\/jaccovandenhoek.com\/en\/wp-json\/wp\/v2\/pages"}],"about":[{"href":"https:\/\/jaccovandenhoek.com\/en\/wp-json\/wp\/v2\/types\/page"}],"author":[{"embeddable":true,"href":"https:\/\/jaccovandenhoek.com\/en\/wp-json\/wp\/v2\/users\/2"}],"replies":[{"embeddable":true,"href":"https:\/\/jaccovandenhoek.com\/en\/wp-json\/wp\/v2\/comments?post=3617"}],"version-history":[{"count":13,"href":"https:\/\/jaccovandenhoek.com\/en\/wp-json\/wp\/v2\/pages\/3617\/revisions"}],"predecessor-version":[{"id":188849,"href":"https:\/\/jaccovandenhoek.com\/en\/wp-json\/wp\/v2\/pages\/3617\/revisions\/188849"}],"up":[{"embeddable":true,"href":"https:\/\/jaccovandenhoek.com\/en\/wp-json\/wp\/v2\/pages\/1065"}],"wp:featuredmedia":[{"embeddable":true,"href":"https:\/\/jaccovandenhoek.com\/en\/wp-json\/wp\/v2\/media\/188519"}],"wp:attachment":[{"href":"https:\/\/jaccovandenhoek.com\/en\/wp-json\/wp\/v2\/media?parent=3617"}],"curies":[{"name":"wp","href":"https:\/\/api.w.org\/{rel}","templated":true}]}}