{"id":191052,"date":"2025-12-04T18:06:26","date_gmt":"2025-12-04T18:06:26","guid":{"rendered":"https:\/\/jaccovandenhoek.com\/?page_id=191052"},"modified":"2026-02-08T15:02:55","modified_gmt":"2026-02-08T15:02:55","slug":"aquarel","status":"publish","type":"page","link":"https:\/\/jaccovandenhoek.com\/nl\/kunst\/aquarel\/","title":{"rendered":"Aquarel"},"content":{"rendered":"<h2 style=\"margin-top: 0px !important; padding-left: 10px !important;\">Aquarel<\/h2>\n<p style=\"\">\u200bAquarel is voor mij echt heel ander\u200b medium dan olieverf. Het accepteren van de eigen wil van water en wat je nat op papier zet is niet \u200bhetzelfde eenmaal droog&#8230;\u200b Op zoek naar m&#8217;n eigen stijl en het antwoorden van de vraag: wat wil ik overbrengen.<\/p>\n<p style=\"\">Werk gecre\u200b\u00eberd Op de Canarische Eilanden. De intentie is om in de toekomst plein air te gaan schilderen zoals ik ook de meeste van m&#8217;n olieverfschilderijen heb geschilderd. Want ik ben van mening dat plein air schilderen je veel meer nuances geeft dan een foto.<\/p>\n<p>   <a href=\"https:\/\/jaccovandenhoek.com\/nl\/de-atlantische-oceaan\/\" title=\"De Atlantische Oceaan\" data-type-url=\"post_url\" data-type-display=\"default_image\" data-size=\"large\" data-post_id=\"191264\"><img width=\"428\" height=\"1080\" src=\"https:\/\/jaccovandenhoek.com\/wp-content\/uploads\/2025\/11\/0002-2025_100x250mm_Marina_GC_1200x476px-428x1080.jpg\" alt=\"\" decoding=\"async\" loading=\"lazy\" srcset=\"https:\/\/jaccovandenhoek.com\/wp-content\/uploads\/2025\/11\/0002-2025_100x250mm_Marina_GC_1200x476px-428x1080.jpg 428w, https:\/\/jaccovandenhoek.com\/wp-content\/uploads\/2025\/11\/0002-2025_100x250mm_Marina_GC_1200x476px-119x300.jpg 119w, https:\/\/jaccovandenhoek.com\/wp-content\/uploads\/2025\/11\/0002-2025_100x250mm_Marina_GC_1200x476px-60x150.jpg 60w, https:\/\/jaccovandenhoek.com\/wp-content\/uploads\/2025\/11\/0002-2025_100x250mm_Marina_GC_1200x476px.jpg 476w\" sizes=\"auto, (max-width: 428px) 100vw, 428px\" \/><\/a>  <\/p>\n<h4 style=\"font-size: 15px !important;\"><span data-attr-css=\"tve-u-6931cd6cc3d500\" data-attr-link=\"1\" data-attr-rel=\"0\" data-attr-static-link=\"{&quot;className&quot;:&quot;&quot;,&quot;href&quot;:&quot;https:\/\/jaccovandenhoek.com\/nl\/de-atlantische-oceaan\/&quot;,&quot;title&quot;:&quot;De Atlantische Oceaan&quot;,&quot;data-css&quot;:&quot;tve-u-6931cd6cc3d500&quot;,&quot;class&quot;:&quot;&quot;}\" data-attr-target=\"0\" data-extra_key=\"\" data-option-inline=\"1\" data-shortcode=\"tcb_post_title\" data-shortcode-name=\"Post title\" style=\"\"><a href=\"https:\/\/jaccovandenhoek.com\/nl\/de-atlantische-oceaan\/\" title=\"De Atlantische Oceaan\">De Atlantische Oceaan<\/a><\/span><\/h4>\n<p>       <a href=\"https:\/\/jaccovandenhoek.com\/nl\/de-atlantische-oceaan\/\" rel=\"\" style=\"\"> <span><span style=\"\" data-tcb_hover_state_parent=\"\">+<\/span><span><\/span><\/span> <\/a> <span data-attr-css=\"\" data-attr-link=\"1\" data-attr-rel=\"0\" data-attr-target=\"0\" data-extra_key=\"\" data-option-inline=\"1\" data-shortcode=\"tcb_post_categories\" data-shortcode-name=\"List of categories\"><a href=\"https:\/\/jaccovandenhoek.com\/nl\/category\/aquarel\/\" title=\"Aquarel\" data-css=\"\">Aquarel<\/a>, <a href=\"https:\/\/jaccovandenhoek.com\/nl\/category\/kunst\/olieverf\/canarische-eilanden\/\" title=\"Canarische Eilanden\" data-css=\"\">Canarische Eilanden<\/a>, <a href=\"https:\/\/jaccovandenhoek.com\/nl\/category\/kunst\/formaat-tot-50cm\/\" title=\"Formaat tot 50cm\" data-css=\"\">Formaat tot 50cm<\/a>, <a href=\"https:\/\/jaccovandenhoek.com\/nl\/category\/kunst\/\" title=\"Kunst\" data-css=\"\">Kunst<\/a>, <a href=\"https:\/\/jaccovandenhoek.com\/nl\/category\/kunst\/verticaal\/\" title=\"verticaal\" data-css=\"\">verticaal<\/a>, <a href=\"https:\/\/jaccovandenhoek.com\/nl\/category\/kunst\/olieverf\/zeegezicht\/\" title=\"Zeegezicht\" data-css=\"\">Zeegezicht<\/a><\/span>   <a href=\"https:\/\/jaccovandenhoek.com\/nl\/uiterwaarden-rivier-de-ijssel\/\" title=\"Uiterwaarden rivier de IJssel\" data-type-url=\"post_url\" data-type-display=\"default_image\" data-size=\"large\" data-post_id=\"191259\"><img width=\"417\" height=\"1080\" src=\"https:\/\/jaccovandenhoek.com\/wp-content\/uploads\/2025\/11\/0003-2025_100x250mm_Paisaje_Uiterwaarden_NED_1200x476px-417x1080.jpg\" alt=\"\" decoding=\"async\" loading=\"lazy\" srcset=\"https:\/\/jaccovandenhoek.com\/wp-content\/uploads\/2025\/11\/0003-2025_100x250mm_Paisaje_Uiterwaarden_NED_1200x476px-417x1080.jpg 417w, https:\/\/jaccovandenhoek.com\/wp-content\/uploads\/2025\/11\/0003-2025_100x250mm_Paisaje_Uiterwaarden_NED_1200x476px-116x300.jpg 116w, https:\/\/jaccovandenhoek.com\/wp-content\/uploads\/2025\/11\/0003-2025_100x250mm_Paisaje_Uiterwaarden_NED_1200x476px-58x150.jpg 58w, https:\/\/jaccovandenhoek.com\/wp-content\/uploads\/2025\/11\/0003-2025_100x250mm_Paisaje_Uiterwaarden_NED_1200x476px.jpg 463w\" sizes=\"auto, (max-width: 417px) 100vw, 417px\" \/><\/a>  <\/p>\n<h4 style=\"font-size: 15px !important;\"><span data-attr-css=\"tve-u-6931cd6cc3d500\" data-attr-link=\"1\" data-attr-rel=\"0\" data-attr-static-link=\"{&quot;className&quot;:&quot;&quot;,&quot;href&quot;:&quot;https:\/\/jaccovandenhoek.com\/nl\/de-atlantische-oceaan\/&quot;,&quot;title&quot;:&quot;De Atlantische Oceaan&quot;,&quot;data-css&quot;:&quot;tve-u-6931cd6cc3d500&quot;,&quot;class&quot;:&quot;&quot;}\" data-attr-target=\"0\" data-extra_key=\"\" data-option-inline=\"1\" data-shortcode=\"tcb_post_title\" data-shortcode-name=\"Post title\" style=\"\"><a href=\"https:\/\/jaccovandenhoek.com\/nl\/uiterwaarden-rivier-de-ijssel\/\" title=\"Uiterwaarden rivier de IJssel\">Uiterwaarden rivier de IJssel<\/a><\/span><\/h4>\n<p>       <a href=\"https:\/\/jaccovandenhoek.com\/nl\/uiterwaarden-rivier-de-ijssel\/\" rel=\"\" style=\"\"> <span><span style=\"\" data-tcb_hover_state_parent=\"\">+<\/span><span><\/span><\/span> <\/a> <span data-attr-css=\"\" data-attr-link=\"1\" data-attr-rel=\"0\" data-attr-target=\"0\" data-extra_key=\"\" data-option-inline=\"1\" data-shortcode=\"tcb_post_categories\" data-shortcode-name=\"List of categories\"><a href=\"https:\/\/jaccovandenhoek.com\/nl\/category\/aquarel\/\" title=\"Aquarel\" data-css=\"\">Aquarel<\/a>, <a href=\"https:\/\/jaccovandenhoek.com\/nl\/category\/kunst\/formaat-tot-50cm\/\" title=\"Formaat tot 50cm\" data-css=\"\">Formaat tot 50cm<\/a>, <a href=\"https:\/\/jaccovandenhoek.com\/nl\/category\/kunst\/\" title=\"Kunst\" data-css=\"\">Kunst<\/a>, <a href=\"https:\/\/jaccovandenhoek.com\/nl\/category\/kunst\/olieverf\/landschap\/\" title=\"Landschap\" data-css=\"\">Landschap<\/a>, <a href=\"https:\/\/jaccovandenhoek.com\/nl\/category\/kunst\/olieverf\/nederland\/\" title=\"Nederland\" data-css=\"\">Nederland<\/a>, <a href=\"https:\/\/jaccovandenhoek.com\/nl\/category\/kunst\/verticaal\/\" title=\"verticaal\" data-css=\"\">verticaal<\/a><\/span>   <a href=\"https:\/\/jaccovandenhoek.com\/nl\/gezicht-op-lajares-fuerteventura\/\" title=\"Gezicht op Lajares &#8211; Fuerteventura\" data-type-url=\"post_url\" data-type-display=\"default_image\" data-size=\"large\" data-post_id=\"191147\"><img width=\"1200\" height=\"477\" src=\"https:\/\/jaccovandenhoek.com\/wp-content\/uploads\/2025\/11\/0006-2025_100x250mm_Paisaje_Lajares_ESP_1200x476px.jpg\" alt=\"\" decoding=\"async\" loading=\"lazy\" srcset=\"https:\/\/jaccovandenhoek.com\/wp-content\/uploads\/2025\/11\/0006-2025_100x250mm_Paisaje_Lajares_ESP_1200x476px.jpg 1200w, https:\/\/jaccovandenhoek.com\/wp-content\/uploads\/2025\/11\/0006-2025_100x250mm_Paisaje_Lajares_ESP_1200x476px-300x119.jpg 300w, https:\/\/jaccovandenhoek.com\/wp-content\/uploads\/2025\/11\/0006-2025_100x250mm_Paisaje_Lajares_ESP_1200x476px-150x60.jpg 150w, https:\/\/jaccovandenhoek.com\/wp-content\/uploads\/2025\/11\/0006-2025_100x250mm_Paisaje_Lajares_ESP_1200x476px-768x305.jpg 768w\" sizes=\"auto, (max-width: 1200px) 100vw, 1200px\" \/><\/a>  <\/p>\n<h4 style=\"font-size: 15px !important;\"><span data-attr-css=\"tve-u-6931cd6cc3d500\" data-attr-link=\"1\" data-attr-rel=\"0\" data-attr-static-link=\"{&quot;className&quot;:&quot;&quot;,&quot;href&quot;:&quot;https:\/\/jaccovandenhoek.com\/nl\/de-atlantische-oceaan\/&quot;,&quot;title&quot;:&quot;De Atlantische Oceaan&quot;,&quot;data-css&quot;:&quot;tve-u-6931cd6cc3d500&quot;,&quot;class&quot;:&quot;&quot;}\" data-attr-target=\"0\" data-extra_key=\"\" data-option-inline=\"1\" data-shortcode=\"tcb_post_title\" data-shortcode-name=\"Post title\" style=\"\"><a href=\"https:\/\/jaccovandenhoek.com\/nl\/gezicht-op-lajares-fuerteventura\/\" title=\"Gezicht op Lajares \u2013 Fuerteventura\">Gezicht op Lajares \u2013 Fuerteventura<\/a><\/span><\/h4>\n<p>       <a href=\"https:\/\/jaccovandenhoek.com\/nl\/gezicht-op-lajares-fuerteventura\/\" rel=\"\" style=\"\"> <span><span style=\"\" data-tcb_hover_state_parent=\"\">+<\/span><span><\/span><\/span> <\/a> <span data-attr-css=\"\" data-attr-link=\"1\" data-attr-rel=\"0\" data-attr-target=\"0\" data-extra_key=\"\" data-option-inline=\"1\" data-shortcode=\"tcb_post_categories\" data-shortcode-name=\"List of categories\"><a href=\"https:\/\/jaccovandenhoek.com\/nl\/category\/aquarel\/\" title=\"Aquarel\" data-css=\"\">Aquarel<\/a>, <a href=\"https:\/\/jaccovandenhoek.com\/nl\/category\/kunst\/olieverf\/canarische-eilanden\/\" title=\"Canarische Eilanden\" data-css=\"\">Canarische Eilanden<\/a>, <a href=\"https:\/\/jaccovandenhoek.com\/nl\/category\/kunst\/formaat-tot-50cm\/\" title=\"Formaat tot 50cm\" data-css=\"\">Formaat tot 50cm<\/a>, <a href=\"https:\/\/jaccovandenhoek.com\/nl\/category\/kunst\/horizontaal\/\" title=\"Horizontaal\" data-css=\"\">Horizontaal<\/a>, <a href=\"https:\/\/jaccovandenhoek.com\/nl\/category\/kunst\/\" title=\"Kunst\" data-css=\"\">Kunst<\/a>, <a href=\"https:\/\/jaccovandenhoek.com\/nl\/category\/kunst\/olieverf\/landschap\/\" title=\"Landschap\" data-css=\"\">Landschap<\/a><\/span>   <a href=\"https:\/\/jaccovandenhoek.com\/nl\/de-ijssel-bij-welsum\/\" title=\"De IJssel bij Welsum\" data-type-url=\"post_url\" data-type-display=\"default_image\" data-size=\"large\" data-post_id=\"191155\"><img width=\"1200\" height=\"473\" src=\"https:\/\/jaccovandenhoek.com\/wp-content\/uploads\/2025\/11\/0005-2025_100x250mm_Paisaje_IJssel_NED_1200x476px.jpg\" alt=\"\" decoding=\"async\" loading=\"lazy\" srcset=\"https:\/\/jaccovandenhoek.com\/wp-content\/uploads\/2025\/11\/0005-2025_100x250mm_Paisaje_IJssel_NED_1200x476px.jpg 1200w, https:\/\/jaccovandenhoek.com\/wp-content\/uploads\/2025\/11\/0005-2025_100x250mm_Paisaje_IJssel_NED_1200x476px-300x118.jpg 300w, https:\/\/jaccovandenhoek.com\/wp-content\/uploads\/2025\/11\/0005-2025_100x250mm_Paisaje_IJssel_NED_1200x476px-150x59.jpg 150w, https:\/\/jaccovandenhoek.com\/wp-content\/uploads\/2025\/11\/0005-2025_100x250mm_Paisaje_IJssel_NED_1200x476px-768x303.jpg 768w\" sizes=\"auto, (max-width: 1200px) 100vw, 1200px\" \/><\/a>  <\/p>\n<h4 style=\"font-size: 15px !important;\"><span data-attr-css=\"tve-u-6931cd6cc3d500\" data-attr-link=\"1\" data-attr-rel=\"0\" data-attr-static-link=\"{&quot;className&quot;:&quot;&quot;,&quot;href&quot;:&quot;https:\/\/jaccovandenhoek.com\/nl\/de-atlantische-oceaan\/&quot;,&quot;title&quot;:&quot;De Atlantische Oceaan&quot;,&quot;data-css&quot;:&quot;tve-u-6931cd6cc3d500&quot;,&quot;class&quot;:&quot;&quot;}\" data-attr-target=\"0\" data-extra_key=\"\" data-option-inline=\"1\" data-shortcode=\"tcb_post_title\" data-shortcode-name=\"Post title\" style=\"\"><a href=\"https:\/\/jaccovandenhoek.com\/nl\/de-ijssel-bij-welsum\/\" title=\"De IJssel bij Welsum\">De IJssel bij Welsum<\/a><\/span><\/h4>\n<p>       <a href=\"https:\/\/jaccovandenhoek.com\/nl\/de-ijssel-bij-welsum\/\" rel=\"\" style=\"\"> <span><span style=\"\" data-tcb_hover_state_parent=\"\">+<\/span><span><\/span><\/span> <\/a> <span data-attr-css=\"\" data-attr-link=\"1\" data-attr-rel=\"0\" data-attr-target=\"0\" data-extra_key=\"\" data-option-inline=\"1\" data-shortcode=\"tcb_post_categories\" data-shortcode-name=\"List of categories\"><a href=\"https:\/\/jaccovandenhoek.com\/nl\/category\/aquarel\/\" title=\"Aquarel\" data-css=\"\">Aquarel<\/a>, <a href=\"https:\/\/jaccovandenhoek.com\/nl\/category\/kunst\/formaat-tot-50cm\/\" title=\"Formaat tot 50cm\" data-css=\"\">Formaat tot 50cm<\/a>, <a href=\"https:\/\/jaccovandenhoek.com\/nl\/category\/kunst\/horizontaal\/\" title=\"Horizontaal\" data-css=\"\">Horizontaal<\/a>, <a href=\"https:\/\/jaccovandenhoek.com\/nl\/category\/kunst\/\" title=\"Kunst\" data-css=\"\">Kunst<\/a>, <a href=\"https:\/\/jaccovandenhoek.com\/nl\/category\/kunst\/olieverf\/landschap\/\" title=\"Landschap\" data-css=\"\">Landschap<\/a>, <a href=\"https:\/\/jaccovandenhoek.com\/nl\/category\/kunst\/olieverf\/nederland\/\" title=\"Nederland\" data-css=\"\">Nederland<\/a><\/span>   <a href=\"https:\/\/jaccovandenhoek.com\/nl\/de-ijssel-bij-veessen\/\" title=\"De IJssel bij Veessen\" data-type-url=\"post_url\" data-type-display=\"default_image\" data-size=\"large\" data-post_id=\"191160\"><img width=\"1200\" height=\"447\" src=\"https:\/\/jaccovandenhoek.com\/wp-content\/uploads\/2025\/11\/0004-2025_100x250mm_Paisaje_IJssel_NED_1200x476px.jpg\" alt=\"\" decoding=\"async\" loading=\"lazy\" srcset=\"https:\/\/jaccovandenhoek.com\/wp-content\/uploads\/2025\/11\/0004-2025_100x250mm_Paisaje_IJssel_NED_1200x476px.jpg 1200w, https:\/\/jaccovandenhoek.com\/wp-content\/uploads\/2025\/11\/0004-2025_100x250mm_Paisaje_IJssel_NED_1200x476px-300x112.jpg 300w, https:\/\/jaccovandenhoek.com\/wp-content\/uploads\/2025\/11\/0004-2025_100x250mm_Paisaje_IJssel_NED_1200x476px-150x56.jpg 150w, https:\/\/jaccovandenhoek.com\/wp-content\/uploads\/2025\/11\/0004-2025_100x250mm_Paisaje_IJssel_NED_1200x476px-768x286.jpg 768w\" sizes=\"auto, (max-width: 1200px) 100vw, 1200px\" \/><\/a>  <\/p>\n<h4 style=\"font-size: 15px !important;\"><span data-attr-css=\"tve-u-6931cd6cc3d500\" data-attr-link=\"1\" data-attr-rel=\"0\" data-attr-static-link=\"{&quot;className&quot;:&quot;&quot;,&quot;href&quot;:&quot;https:\/\/jaccovandenhoek.com\/nl\/de-atlantische-oceaan\/&quot;,&quot;title&quot;:&quot;De Atlantische Oceaan&quot;,&quot;data-css&quot;:&quot;tve-u-6931cd6cc3d500&quot;,&quot;class&quot;:&quot;&quot;}\" data-attr-target=\"0\" data-extra_key=\"\" data-option-inline=\"1\" data-shortcode=\"tcb_post_title\" data-shortcode-name=\"Post title\" style=\"\"><a href=\"https:\/\/jaccovandenhoek.com\/nl\/de-ijssel-bij-veessen\/\" title=\"De IJssel bij Veessen\">De IJssel bij Veessen<\/a><\/span><\/h4>\n<p>       <a href=\"https:\/\/jaccovandenhoek.com\/nl\/de-ijssel-bij-veessen\/\" rel=\"\" style=\"\"> <span><span style=\"\" data-tcb_hover_state_parent=\"\">+<\/span><span><\/span><\/span> <\/a> <span data-attr-css=\"\" data-attr-link=\"1\" data-attr-rel=\"0\" data-attr-target=\"0\" data-extra_key=\"\" data-option-inline=\"1\" data-shortcode=\"tcb_post_categories\" data-shortcode-name=\"List of categories\"><a href=\"https:\/\/jaccovandenhoek.com\/nl\/category\/aquarel\/\" title=\"Aquarel\" data-css=\"\">Aquarel<\/a>, <a href=\"https:\/\/jaccovandenhoek.com\/nl\/category\/kunst\/formaat-tot-50cm\/\" title=\"Formaat tot 50cm\" data-css=\"\">Formaat tot 50cm<\/a>, <a href=\"https:\/\/jaccovandenhoek.com\/nl\/category\/kunst\/horizontaal\/\" title=\"Horizontaal\" data-css=\"\">Horizontaal<\/a>, <a href=\"https:\/\/jaccovandenhoek.com\/nl\/category\/kunst\/\" title=\"Kunst\" data-css=\"\">Kunst<\/a>, <a href=\"https:\/\/jaccovandenhoek.com\/nl\/category\/kunst\/olieverf\/landschap\/\" title=\"Landschap\" data-css=\"\">Landschap<\/a>, <a href=\"https:\/\/jaccovandenhoek.com\/nl\/category\/kunst\/olieverf\/nederland\/\" title=\"Nederland\" data-css=\"\">Nederland<\/a><\/span>   <a href=\"https:\/\/jaccovandenhoek.com\/nl\/de-atlantische-oceaan-las-canteras\/\" title=\"De Atlantische Oceaan &#8211; Las Canteras\" data-type-url=\"post_url\" data-type-display=\"default_image\" data-size=\"large\" data-post_id=\"191165\"><img width=\"1200\" height=\"852\" src=\"https:\/\/jaccovandenhoek.com\/wp-content\/uploads\/2025\/11\/0001-2025_360x260mm_Marina_GC_1200x852px.jpg\" alt=\"\" decoding=\"async\" loading=\"lazy\" srcset=\"https:\/\/jaccovandenhoek.com\/wp-content\/uploads\/2025\/11\/0001-2025_360x260mm_Marina_GC_1200x852px.jpg 1200w, https:\/\/jaccovandenhoek.com\/wp-content\/uploads\/2025\/11\/0001-2025_360x260mm_Marina_GC_1200x852px-300x213.jpg 300w, https:\/\/jaccovandenhoek.com\/wp-content\/uploads\/2025\/11\/0001-2025_360x260mm_Marina_GC_1200x852px-150x107.jpg 150w, https:\/\/jaccovandenhoek.com\/wp-content\/uploads\/2025\/11\/0001-2025_360x260mm_Marina_GC_1200x852px-768x545.jpg 768w\" sizes=\"auto, (max-width: 1200px) 100vw, 1200px\" \/><\/a>  <\/p>\n<h4 style=\"font-size: 15px !important;\"><span data-attr-css=\"tve-u-6931cd6cc3d500\" data-attr-link=\"1\" data-attr-rel=\"0\" data-attr-static-link=\"{&quot;className&quot;:&quot;&quot;,&quot;href&quot;:&quot;https:\/\/jaccovandenhoek.com\/nl\/de-atlantische-oceaan\/&quot;,&quot;title&quot;:&quot;De Atlantische Oceaan&quot;,&quot;data-css&quot;:&quot;tve-u-6931cd6cc3d500&quot;,&quot;class&quot;:&quot;&quot;}\" data-attr-target=\"0\" data-extra_key=\"\" data-option-inline=\"1\" data-shortcode=\"tcb_post_title\" data-shortcode-name=\"Post title\" style=\"\"><a href=\"https:\/\/jaccovandenhoek.com\/nl\/de-atlantische-oceaan-las-canteras\/\" title=\"De Atlantische Oceaan \u2013 Las Canteras\">De Atlantische Oceaan \u2013 Las Canteras<\/a><\/span><\/h4>\n<p>       <a href=\"https:\/\/jaccovandenhoek.com\/nl\/de-atlantische-oceaan-las-canteras\/\" rel=\"\" style=\"\"> <span><span style=\"\" data-tcb_hover_state_parent=\"\">+<\/span><span><\/span><\/span> <\/a> <span data-attr-css=\"\" data-attr-link=\"1\" data-attr-rel=\"0\" data-attr-target=\"0\" data-extra_key=\"\" data-option-inline=\"1\" data-shortcode=\"tcb_post_categories\" data-shortcode-name=\"List of categories\"><a href=\"https:\/\/jaccovandenhoek.com\/nl\/category\/aquarel\/\" title=\"Aquarel\" data-css=\"\">Aquarel<\/a>, <a href=\"https:\/\/jaccovandenhoek.com\/nl\/category\/kunst\/olieverf\/canarische-eilanden\/\" title=\"Canarische Eilanden\" data-css=\"\">Canarische Eilanden<\/a>, <a href=\"https:\/\/jaccovandenhoek.com\/nl\/category\/kunst\/formaat-tot-50cm\/\" title=\"Formaat tot 50cm\" data-css=\"\">Formaat tot 50cm<\/a>, <a href=\"https:\/\/jaccovandenhoek.com\/nl\/category\/kunst\/horizontaal\/\" title=\"Horizontaal\" data-css=\"\">Horizontaal<\/a>, <a href=\"https:\/\/jaccovandenhoek.com\/nl\/category\/kunst\/\" title=\"Kunst\" data-css=\"\">Kunst<\/a>, <a href=\"https:\/\/jaccovandenhoek.com\/nl\/category\/kunst\/olieverf\/zeegezicht\/\" title=\"Zeegezicht\" data-css=\"\">Zeegezicht<\/a><\/span>   <\/p>\n","protected":false},"excerpt":{"rendered":"<p>Aquarel \u200bAquarel is voor mij echt heel ander\u200b medium dan olieverf. Het accepteren van de eigen wil van water en wat je nat op papier zet is niet \u200bhetzelfde eenmaal droog&#8230;\u200b Op zoek naar m&#8217;n eigen stijl en het antwoorden van de vraag: wat wil ik overbrengen. Werk gecre\u200b\u00eberd Op de Canarische Eilanden. De intentie [&hellip;]<\/p>\n","protected":false},"author":2,"featured_media":190939,"parent":188445,"menu_order":0,"comment_status":"closed","ping_status":"open","template":"","meta":{"inline_featured_image":false,"footnotes":"","_wp_rev_ctl_limit":""},"class_list":["post-191052","page","type-page","status-publish","has-post-thumbnail","hentry","post-wrapper","thrv_wrapper"],"yoast_head":"<!-- This site is optimized with the Yoast SEO plugin v25.4 - https:\/\/yoast.com\/wordpress\/plugins\/seo\/ -->\n<title>Aquarel schilderijen - Jacco van den Hoek<\/title>\n<meta name=\"description\" content=\"Een selectie Aquarel schilderijen. Luchten, oceaan en het stedelijke.\" \/>\n<meta name=\"robots\" content=\"index, follow, max-snippet:-1, max-image-preview:large, max-video-preview:-1\" \/>\n<link rel=\"canonical\" href=\"https:\/\/jaccovandenhoek.com\/nl\/kunst\/aquarel\/\" \/>\n<meta property=\"og:locale\" content=\"nl_NL\" \/>\n<meta property=\"og:type\" content=\"article\" \/>\n<meta property=\"og:title\" content=\"El arte de Jacco van den Hoek\" \/>\n<meta property=\"og:description\" content=\"Una pagina con las \u00faltimas obras de Jacco van den Hoek. Pintura al \u00f3leo, v\u00eddeo y composiciones digitales.\" \/>\n<meta property=\"og:url\" content=\"https:\/\/jaccovandenhoek.com\/nl\/kunst\/aquarel\/\" \/>\n<meta property=\"og:site_name\" content=\"Jacco Van Den Hoek\" \/>\n<meta property=\"article:modified_time\" content=\"2026-02-08T15:02:55+00:00\" \/>\n<meta property=\"og:image\" content=\"https:\/\/jaccovandenhoek.com\/wp-content\/uploads\/2025\/11\/acuarel_thumb_900x900px.jpg\" \/>\n\t<meta property=\"og:image:width\" content=\"900\" \/>\n\t<meta property=\"og:image:height\" content=\"900\" \/>\n\t<meta property=\"og:image:type\" content=\"image\/jpeg\" \/>\n<meta name=\"twitter:card\" content=\"summary_large_image\" \/>\n<meta name=\"twitter:title\" content=\"El arte de Jacco van den Hoek\" \/>\n<meta name=\"twitter:label1\" content=\"Geschatte leestijd\" \/>\n\t<meta name=\"twitter:data1\" content=\"1 minuut\" \/>\n<script type=\"application\/ld+json\" class=\"yoast-schema-graph\">{\"@context\":\"https:\/\/schema.org\",\"@graph\":[{\"@type\":\"WebPage\",\"@id\":\"https:\/\/jaccovandenhoek.com\/nl\/kunst\/aquarel\/\",\"url\":\"https:\/\/jaccovandenhoek.com\/nl\/kunst\/aquarel\/\",\"name\":\"Aquarel schilderijen - Jacco van den Hoek\",\"isPartOf\":{\"@id\":\"https:\/\/jaccovandenhoek.com\/nl\/#website\"},\"primaryImageOfPage\":{\"@id\":\"https:\/\/jaccovandenhoek.com\/nl\/kunst\/aquarel\/#primaryimage\"},\"image\":{\"@id\":\"https:\/\/jaccovandenhoek.com\/nl\/kunst\/aquarel\/#primaryimage\"},\"thumbnailUrl\":\"https:\/\/jaccovandenhoek.com\/wp-content\/uploads\/2025\/11\/acuarel_thumb_900x900px.jpg\",\"datePublished\":\"2025-12-04T18:06:26+00:00\",\"dateModified\":\"2026-02-08T15:02:55+00:00\",\"description\":\"Een selectie Aquarel schilderijen. Luchten, oceaan en het stedelijke.\",\"breadcrumb\":{\"@id\":\"https:\/\/jaccovandenhoek.com\/nl\/kunst\/aquarel\/#breadcrumb\"},\"inLanguage\":\"nl-NL\",\"potentialAction\":[{\"@type\":\"ReadAction\",\"target\":[\"https:\/\/jaccovandenhoek.com\/nl\/kunst\/aquarel\/\"]}]},{\"@type\":\"ImageObject\",\"inLanguage\":\"nl-NL\",\"@id\":\"https:\/\/jaccovandenhoek.com\/nl\/kunst\/aquarel\/#primaryimage\",\"url\":\"https:\/\/jaccovandenhoek.com\/wp-content\/uploads\/2025\/11\/acuarel_thumb_900x900px.jpg\",\"contentUrl\":\"https:\/\/jaccovandenhoek.com\/wp-content\/uploads\/2025\/11\/acuarel_thumb_900x900px.jpg\",\"width\":900,\"height\":900,\"caption\":\"acuarela thumb\"},{\"@type\":\"BreadcrumbList\",\"@id\":\"https:\/\/jaccovandenhoek.com\/nl\/kunst\/aquarel\/#breadcrumb\",\"itemListElement\":[{\"@type\":\"ListItem\",\"position\":1,\"name\":\"Kunst\",\"item\":\"https:\/\/jaccovandenhoek.com\/nl\/kunst\/\"},{\"@type\":\"ListItem\",\"position\":2,\"name\":\"Aquarel\"}]},{\"@type\":\"WebSite\",\"@id\":\"https:\/\/jaccovandenhoek.com\/nl\/#website\",\"url\":\"https:\/\/jaccovandenhoek.com\/nl\/\",\"name\":\"Jacco Van Den Hoek\",\"description\":\"Jacco Van Den Hoek\",\"potentialAction\":[{\"@type\":\"SearchAction\",\"target\":{\"@type\":\"EntryPoint\",\"urlTemplate\":\"https:\/\/jaccovandenhoek.com\/nl\/?s={search_term_string}\"},\"query-input\":{\"@type\":\"PropertyValueSpecification\",\"valueRequired\":true,\"valueName\":\"search_term_string\"}}],\"inLanguage\":\"nl-NL\"}]}<\/script>\n<!-- \/ Yoast SEO plugin. -->","yoast_head_json":{"title":"Aquarel schilderijen - Jacco van den Hoek","description":"Een selectie Aquarel schilderijen. Luchten, oceaan en het stedelijke.","robots":{"index":"index","follow":"follow","max-snippet":"max-snippet:-1","max-image-preview":"max-image-preview:large","max-video-preview":"max-video-preview:-1"},"canonical":"https:\/\/jaccovandenhoek.com\/nl\/kunst\/aquarel\/","og_locale":"nl_NL","og_type":"article","og_title":"El arte de Jacco van den Hoek","og_description":"Una pagina con las \u00faltimas obras de Jacco van den Hoek. Pintura al \u00f3leo, v\u00eddeo y composiciones digitales.","og_url":"https:\/\/jaccovandenhoek.com\/nl\/kunst\/aquarel\/","og_site_name":"Jacco Van Den Hoek","article_modified_time":"2026-02-08T15:02:55+00:00","og_image":[{"width":900,"height":900,"url":"https:\/\/jaccovandenhoek.com\/wp-content\/uploads\/2025\/11\/acuarel_thumb_900x900px.jpg","type":"image\/jpeg"}],"twitter_card":"summary_large_image","twitter_title":"El arte de Jacco van den Hoek","twitter_misc":{"Geschatte leestijd":"1 minuut"},"schema":{"@context":"https:\/\/schema.org","@graph":[{"@type":"WebPage","@id":"https:\/\/jaccovandenhoek.com\/nl\/kunst\/aquarel\/","url":"https:\/\/jaccovandenhoek.com\/nl\/kunst\/aquarel\/","name":"Aquarel schilderijen - Jacco van den Hoek","isPartOf":{"@id":"https:\/\/jaccovandenhoek.com\/nl\/#website"},"primaryImageOfPage":{"@id":"https:\/\/jaccovandenhoek.com\/nl\/kunst\/aquarel\/#primaryimage"},"image":{"@id":"https:\/\/jaccovandenhoek.com\/nl\/kunst\/aquarel\/#primaryimage"},"thumbnailUrl":"https:\/\/jaccovandenhoek.com\/wp-content\/uploads\/2025\/11\/acuarel_thumb_900x900px.jpg","datePublished":"2025-12-04T18:06:26+00:00","dateModified":"2026-02-08T15:02:55+00:00","description":"Een selectie Aquarel schilderijen. Luchten, oceaan en het stedelijke.","breadcrumb":{"@id":"https:\/\/jaccovandenhoek.com\/nl\/kunst\/aquarel\/#breadcrumb"},"inLanguage":"nl-NL","potentialAction":[{"@type":"ReadAction","target":["https:\/\/jaccovandenhoek.com\/nl\/kunst\/aquarel\/"]}]},{"@type":"ImageObject","inLanguage":"nl-NL","@id":"https:\/\/jaccovandenhoek.com\/nl\/kunst\/aquarel\/#primaryimage","url":"https:\/\/jaccovandenhoek.com\/wp-content\/uploads\/2025\/11\/acuarel_thumb_900x900px.jpg","contentUrl":"https:\/\/jaccovandenhoek.com\/wp-content\/uploads\/2025\/11\/acuarel_thumb_900x900px.jpg","width":900,"height":900,"caption":"acuarela thumb"},{"@type":"BreadcrumbList","@id":"https:\/\/jaccovandenhoek.com\/nl\/kunst\/aquarel\/#breadcrumb","itemListElement":[{"@type":"ListItem","position":1,"name":"Kunst","item":"https:\/\/jaccovandenhoek.com\/nl\/kunst\/"},{"@type":"ListItem","position":2,"name":"Aquarel"}]},{"@type":"WebSite","@id":"https:\/\/jaccovandenhoek.com\/nl\/#website","url":"https:\/\/jaccovandenhoek.com\/nl\/","name":"Jacco Van Den Hoek","description":"Jacco Van Den Hoek","potentialAction":[{"@type":"SearchAction","target":{"@type":"EntryPoint","urlTemplate":"https:\/\/jaccovandenhoek.com\/nl\/?s={search_term_string}"},"query-input":{"@type":"PropertyValueSpecification","valueRequired":true,"valueName":"search_term_string"}}],"inLanguage":"nl-NL"}]}},"_links":{"self":[{"href":"https:\/\/jaccovandenhoek.com\/nl\/wp-json\/wp\/v2\/pages\/191052","targetHints":{"allow":["GET"]}}],"collection":[{"href":"https:\/\/jaccovandenhoek.com\/nl\/wp-json\/wp\/v2\/pages"}],"about":[{"href":"https:\/\/jaccovandenhoek.com\/nl\/wp-json\/wp\/v2\/types\/page"}],"author":[{"embeddable":true,"href":"https:\/\/jaccovandenhoek.com\/nl\/wp-json\/wp\/v2\/users\/2"}],"replies":[{"embeddable":true,"href":"https:\/\/jaccovandenhoek.com\/nl\/wp-json\/wp\/v2\/comments?post=191052"}],"version-history":[{"count":6,"href":"https:\/\/jaccovandenhoek.com\/nl\/wp-json\/wp\/v2\/pages\/191052\/revisions"}],"predecessor-version":[{"id":191283,"href":"https:\/\/jaccovandenhoek.com\/nl\/wp-json\/wp\/v2\/pages\/191052\/revisions\/191283"}],"up":[{"embeddable":true,"href":"https:\/\/jaccovandenhoek.com\/nl\/wp-json\/wp\/v2\/pages\/188445"}],"wp:featuredmedia":[{"embeddable":true,"href":"https:\/\/jaccovandenhoek.com\/nl\/wp-json\/wp\/v2\/media\/190939"}],"wp:attachment":[{"href":"https:\/\/jaccovandenhoek.com\/nl\/wp-json\/wp\/v2\/media?parent=191052"}],"curies":[{"name":"wp","href":"https:\/\/api.w.org\/{rel}","templated":true}]}}