{"id":2075,"date":"2015-05-29T14:00:43","date_gmt":"2015-05-29T14:00:43","guid":{"rendered":"https:\/\/art.jaccovandenhoek.com\/nl\/sobre-jacco-van-den-hoek\/"},"modified":"2026-01-29T21:03:56","modified_gmt":"2026-01-29T21:03:56","slug":"biografie-jacco-van-den-hoek","status":"publish","type":"page","link":"https:\/\/jaccovandenhoek.com\/nl\/biografie-jacco-van-den-hoek\/","title":{"rendered":"Biografie"},"content":{"rendered":"<p><span><img decoding=\"async\" alt=\"Trayectoria txt\" data-id=\"187834\" width=\"323\" data-init-width=\"900\" height=\"323\" data-init-height=\"900\" title=\"Trayectoria txt\" loading=\"lazy\" src=\"https:\/\/jaccovandenhoek.com\/wp-content\/uploads\/2022\/03\/Sobre_Trayectoria_TXT_900x900px.png\" data-width=\"323\" data-height=\"323\" style=\"aspect-ratio: auto 900 \/ 900;\"><\/span><\/p>\n<h4 style=\"\"><span style=\"font-size: 40px;\">Loopbaan<\/span>Geboren in Wezep, Nederland, gestudeerd aan de kunstacademie Constantijn Huygens in Kampen en gewoond en gewerkt in Nederland, Spanje en Engeland. Ik begon mijn loopbaan in het sign bedrijf Klaassen en Hubers; transfers plakken, letters zetten met de hand. Het bedrijf groeide en ik groeide mee&#8230; Verliet het bedrijf als grafisch ontwerper en productie manager. In 1997 heb ik mijn oude kever volgepakt met wat kleren, zeilen en windsurf boards en ben op weg gegaan naar de Canarische Eilanden. Een onvergetelijke ervaring: surfplanken op dak in hartje Spanje zonder ook maar wat water in de buurt&#8230; Totale vrijheid. Fuerteventura werd m&#8217;n woonplaats. Hier kwam ik er achter dat vormgeven en kunst belangrijker voor mij was dan ik veronderstelde. Onmisbaar voor mijn ontwikkeling&#8230; Spanje of terug naar Nederland? Dat werd de vraag&#8230; Liefde was de reden om voor De Canarische Eilanden te kiezen. Maar ik had een inkomen nodig&#8230;<\/h4>\n<p style=\"\"><span style=\"font-size: 16px;\">Werk vinden in een land waarvan je de taal niet spreekt was een echte uitdaging. Dankzij mijn portfolio kon ik aan de slag bij het internationale reclame bureau BSB (Backer, Spielvogel en Bates) in die tijd \u00e9\u00e9n van de meest bekende bureaus op de eilanden. Ik begon als junior art director en verliet het bedrijf als senior. Hier heb ik enorm veel ervaring opgedaan. Het werken in een creatief team (tandem) met copywriter en creative director. Productie team, media team, etc. Ik herinner me nog steeds heftige brainstorm sessies! Voor goed design heb je copy en art nodig, punt.Schweppes, Heineken, Volkswagen, Audi, Toyota, Tony Roma&#8217;s, lokale banken en overheidsinstellingen zijn een paar voorbeelden van klanten waarmee ik als art director heb samengewerkt. TV reclame, reclame campagnes, huisstijlen, packaging, etc. Werden toegevoegd aan mijn professionele bagage. Tijdens mijn tijd in BSB ben ik begonnen met keramiek, waarschijnlijk door het gebrek aan artistieke vrijheid&#8230; De bekende kunstenaar Eduardo Andaluz heeft me het magische van vormen en volumes op inspirerende wijze bijgebracht en hoe kunst en ontwerp op een andere manier kan worden beleefd&#8230; Door gebrek aan tijd heb ik nog niet de kans gezien dit verder uit te diepen maar dat zal zeker gebeuren in de toekomst. Iets zegt mij dat er nog veel te ontdekken valt&#8230;<\/span><\/p>\n<p style=\"\"><span style=\"font-size: 16px;\">Rusteloos en met zin in verandering ben ik tijdelijk naar Engeland vertrokken. Hier heb ik het olieverf schilderen weer opgepakt en begonnen met een nieuw intrigerend medium: Video&#8230; Engeland heeft me in die mate ge\u00efnspireerd dat het mijn leven drastisch heeft verandert. Het heeft me tot de conclusie doen komen dat ik mijn tijd aan kunst en grafisch vormgeven wil besteden. Toen ik terug kwam op de Canarische Eilanden, zo&#8217;n 10 jaar geleden, ben ik als freelance vormgever en kunstenaar begonnen. Terugkijkend was dat een best wel gevarieerde tijd. Buiten mijn activiteit als grafisch vormgever om heb ik me gestort in verschillende artistieke projecten.<\/span><\/p>\n<p style=\"\"><span style=\"font-size: 16px;\">Om er een paar te noemen: &#8220;D\u00eda de Canarias&#8221; in 2008 en 2009. Een televisie show met muziek en ballet waar ik als art director, decorontwerper en video artist gecontracteerd was. Kunstprojecten met verschillende kunstenaars, audiovisuele publicaties in kunst magazines. Video art voor en met verschillende musici. Video&#8217;s die op verschillende internationale festivals zijn vertoond. Mede oprichter van de band #(928) een groep die zich bezig houdt met audiovisuele improvisatie. Opgetreden in Berlijn (Berghain), Amsterdam, Kopenhagen, Madrid, M\u00e1laga, Granada, Valencia, Santiago de Compostela en op de Expo 2008 in Zaragoza. Kunstprojecten in kunst instellingen en festivals met als thema creatieve processen. Uitgenodigd als spreker op een congres georganiseerd door FLUXART en het CAAM museum. Exposities, etc. Dus ik heb me niet verveeld&#8230;<\/span><\/p>\n<p><span><img decoding=\"async\" alt=\"Objetivo txt\" data-id=\"187831\" width=\"662\" data-init-width=\"900\" height=\"662\" data-init-height=\"900\" title=\"Objetivo txt\" loading=\"lazy\" src=\"https:\/\/jaccovandenhoek.com\/wp-content\/uploads\/2022\/03\/Sobre_Objetivo_TXT_900x900px.png\" data-width=\"662\" data-height=\"662\" style=\"aspect-ratio: auto 900 \/ 900;\"><\/span><\/p>\n<p style=\"\"><span style=\"font-size: 40px;\">Doel<\/span>Al deze ervaring op gebied van grafische vormgeving en kunst is logischerwijs nog steeds sterk aanwezig in alles wat ik doe en wie ik ben. Het geeft me de ideale smeltkroes voor het vervaardigen van unieke, persoonlijke en intieme objecten die aanspreken.<\/p>\n<p><span><img decoding=\"async\" alt=\"Filosof\u00eda txt\" data-id=\"187828\" width=\"323\" data-init-width=\"900\" height=\"323\" data-init-height=\"900\" title=\"Filosof\u00eda txt\" loading=\"lazy\" src=\"https:\/\/jaccovandenhoek.com\/wp-content\/uploads\/2022\/03\/Sobre_Filosofia_TXT_900x900px.png\" data-width=\"323\" data-height=\"323\" style=\"aspect-ratio: auto 900 \/ 900;\"><\/span><\/p>\n<h4 style=\"\"><span style=\"\">Filosofie<\/span><\/h4>\n<p style=\"\"><span style=\"font-size: 16px;\">Als zelfstandig ondernemer geloof ik in duidelijkheid, ethiek en houdbaarheid. Ik geloof in het delen van kennis en het samen construeren op basis van menselijkheid en samenwerking. Op deze manier cre\u00eber je een persoonlijke relatie waar het product niet meer is dan het resultaat van een intermenselijk creatief proces. De enige weg naar kwaliteit is door middel van een juiste balans tussen het rationele en emotionele.<\/span><\/p>\n<p><span><img decoding=\"async\" alt=\"A Arte txt\" data-id=\"187822\" width=\"493\" data-init-width=\"900\" height=\"493\" data-init-height=\"900\" title=\"A Arte txt\" loading=\"lazy\" src=\"https:\/\/jaccovandenhoek.com\/wp-content\/uploads\/2022\/03\/Sobre_A-rte_TXT_900x900px.png\" data-width=\"493\" data-height=\"493\" style=\"aspect-ratio: auto 900 \/ 900;\"><\/span><\/p>\n<h2 style=\"\">Arte<\/h2>\n<p style=\"\">Van kinds af aan ben ik altijd met kunst bezig geweest. Ik was altijd aan het tekenen: inkt tekeningen, olieverf en soms aquarellen. Ik herinner me nog een trip op de fiets naar de uiterwaarden van de IJssel met m&#8217;n pas gekochte ezel en olieverf doos. Ik was zestien geloof ik. Mijn allereerste herinnering van &#8220;echt&#8221; tekenen is van toen ik een jaar of zeven, acht was. Ik tekende toen een paar vissersboten die vast waren gelopen op het strand van Ameland. Ameland is vrijheid, natuur en rust.<\/p>\n<p style=\"\">Verschillende van mijn video&#8217;s zijn geprojecteerd in festivals in Spanje, Duitsland, Polen en Chili. Keramiek, als eerder vermeld heeft ook een heel speciaal plaatsje in mijn wezen. Maar toch, olieverf is altijd mijn favoriete medium geweest. De directheid, de emotie, het fysieke, de geur en de betrokkenheid en interactie met het onderwerp. Urbane onderwerpen hebben altijd mijn aandacht getrokken, het moment, de beweging. Maar ook landschappen behoren nu tot mijn werk. Omdat die een speciale band oproepen met degene die het observeert. Ik herinner me een vriend die een schilderij kocht omdat ie er maar naar bl\u00e9\u00e9f kijken. Het was een landschap die veel herinneringen bij hem opriep. Alleen een schilderij kan deze emotie en energie weergeven. Een unieke interpretatie van een smeltkroes van momenten. Met de tijd ben ik over gestapt van penseel naar paletmes. Het voordeel van paletmes is dat je je niet blind staart op de details en dus het geheel meer in het oog houdt. En over ontwikkeling gesproken. Aquarel in combinatie met inkt is een thema dat ik in de toekomst zeker zal onderzoeken. Het medium is niet meer dan een drager van expressie.<\/p>\n<p style=\"\">En over verswchillende media gesproken. Typical Canario is digitaal project. Digitale kunst. Collages gemaakt van eigengemaakte foto\u2019s met Canarische eilanden als visueel onderwerp. Een ander gezicht op de Canarische eilanden.<\/p>\n<p><span><img decoding=\"async\" alt=\"Dise\u00f1o txt\" data-id=\"187856\" width=\"490\" data-init-width=\"900\" height=\"490\" data-init-height=\"900\" title=\"Dise\u00f1o txt\" loading=\"lazy\" src=\"https:\/\/jaccovandenhoek.com\/wp-content\/uploads\/2022\/03\/Sobre_D-iseno-Magenta_TXT_900x900px.png\" data-width=\"490\" data-height=\"490\" style=\"aspect-ratio: auto 900 \/ 900;\"><\/span><\/p>\n<h2 style=\"\">Dise\u00f1o Gr\u00e1fico<\/h2>\n<p style=\"\">\u200b<span lang=\"nl\">25 jaar ervaring als grafisch ontwerper. Van het met de hand schilderen van reclameborden tot het maken van televisiereclames. Werken met multinationals en lokale leveranciers van huishoudelijke apparaten\u200b, van het ontwerpen van displaymeubels voor de lancering van de nieuwe Volkswagen Kever tot het samenstellen van de menukaart voor een lokale bar.<\/span><\/p>\n<p style=\"\"><span lang=\"nl\">Al deze ervaringen hebben me ertoe gebracht me te richten op corporate identity, de meest tastbare tak van grafisch ontwerp. Het cre\u00ebren van een bedrijfsimage vereist uitgebreide kennis van het onderwerp, niet alleen op grafisch\/compositioneel, maar ook op sociaal-cultureel niveau.<\/span><\/p>\n<p style=\"\"><span lang=\"nl\">Beginnend met een uitgebreide briefing, starten we een proces van onderdompeling in de identiteit van het bedrijf. Dit helpt ons niet alleen om het ideale beeld te cre\u00ebren, maar ook om de organisatie beter te begrijpen, wat de effici\u00ebntie ten goede komt. Ik heb ervoor gekozen om met kleine bedrijven te werken vanwege de grote mate van wederzijdse verrijking die ze bieden. Het gaat erom je ervaring en kennis in te zetten ten dienste van mensen die zich nog nooit echt met hun identiteit hebben beziggehouden. Ik geniet ervan om te delen en te bouwen&#8230; Ik cre\u00eber een levende identiteit waar degenen die het bedrijf leiden zich net zo verbonden mee voelen als de medewerkers of de klanten.<\/span><\/p>\n<p style=\"\"><span lang=\"nl\">Grafisch ontwerp en reclame zijn mijn verbinding met de maatschappij. Het is de plek waar ik maatschappelijke trends, verschuivingen in filosofie, schommelingen in strategie\u00ebn, enzovoort observeer. Mijn doel is om de samenleving meer persoonlijkheid en een unieke identiteit te geven, om zo kritisch denken over alles om ons heen te bevorderen. De commerci\u00eble trend is fuseren en groeien om de winst te verhogen en grotere aantallen te bereiken. De maatschappelijke trend zou moeten zijn om compartimentering te doorbreken en te verkleinen, zodat individuen meer ruimte krijgen om te manoeuvreren en te groeien. Ik streef naar een balans tussen het rationele en het emotionele \u2013 het enige recept voor kwaliteit.<\/span><\/p>\n<p style=\"\"><span lang=\"nl\">\u200bSinds 2024 ben ik niet meer werkzaam als freelance in \u200bdit vakgebied mede om me meer bezig te kunnen houden met schilderen en ander kunstuitingen.<\/span><\/p>\n","protected":false},"excerpt":{"rendered":"<p>LoopbaanGeboren in Wezep, Nederland, gestudeerd aan de kunstacademie Constantijn Huygens in Kampen en gewoond en gewerkt in Nederland, Spanje en Engeland. Ik begon mijn loopbaan in het sign bedrijf Klaassen en Hubers; transfers plakken, letters zetten met de hand. Het bedrijf groeide en ik groeide mee&#8230; Verliet het bedrijf als grafisch ontwerper en productie manager. [&hellip;]<\/p>\n","protected":false},"author":2,"featured_media":187862,"parent":0,"menu_order":0,"comment_status":"closed","ping_status":"open","template":"","meta":{"inline_featured_image":false,"footnotes":"","_wp_rev_ctl_limit":""},"class_list":["post-2075","page","type-page","status-publish","has-post-thumbnail","hentry","post-wrapper","thrv_wrapper"],"yoast_head":"<!-- This site is optimized with the Yoast SEO plugin v25.4 - https:\/\/yoast.com\/wordpress\/plugins\/seo\/ -->\n<title>Biografie - Jacco van den Hoek<\/title>\n<meta name=\"description\" content=\"Nacido en Holanda afincado en Las Palmas de Gran Canaria, 25 a\u00f1os de trayectoria en arte y dise\u00f1o gr\u00e1fico. Pintura al \u00f3leo, identidad visual\/etc\" \/>\n<meta name=\"robots\" content=\"index, follow, max-snippet:-1, max-image-preview:large, max-video-preview:-1\" \/>\n<link rel=\"canonical\" href=\"https:\/\/jaccovandenhoek.com\/nl\/biografie-jacco-van-den-hoek\/\" \/>\n<meta property=\"og:locale\" content=\"nl_NL\" \/>\n<meta property=\"og:type\" content=\"article\" \/>\n<meta property=\"og:title\" content=\"Biografie - Jacco van den Hoek\" \/>\n<meta property=\"og:description\" content=\"Nacido en Holanda afincado en Las Palmas de Gran Canaria, 25 a\u00f1os de trayectoria en arte y dise\u00f1o gr\u00e1fico. Pintura al \u00f3leo, identidad visual\/etc\" \/>\n<meta property=\"og:url\" content=\"https:\/\/jaccovandenhoek.com\/nl\/biografie-jacco-van-den-hoek\/\" \/>\n<meta property=\"og:site_name\" content=\"Jacco Van Den Hoek\" \/>\n<meta property=\"article:modified_time\" content=\"2026-01-29T21:03:56+00:00\" \/>\n<meta property=\"og:image\" content=\"https:\/\/jaccovandenhoek.com\/wp-content\/uploads\/2022\/03\/About_HeaderImg_Mobile_900x564px.jpg\" \/>\n\t<meta property=\"og:image:width\" content=\"900\" \/>\n\t<meta property=\"og:image:height\" content=\"565\" \/>\n\t<meta property=\"og:image:type\" content=\"image\/jpeg\" \/>\n<meta name=\"twitter:card\" content=\"summary_large_image\" \/>\n<meta name=\"twitter:label1\" content=\"Geschatte leestijd\" \/>\n\t<meta name=\"twitter:data1\" content=\"8 minuten\" \/>\n<script type=\"application\/ld+json\" class=\"yoast-schema-graph\">{\"@context\":\"https:\/\/schema.org\",\"@graph\":[{\"@type\":\"WebPage\",\"@id\":\"https:\/\/jaccovandenhoek.com\/nl\/biografie-jacco-van-den-hoek\/\",\"url\":\"https:\/\/jaccovandenhoek.com\/nl\/biografie-jacco-van-den-hoek\/\",\"name\":\"Biografie - Jacco van den Hoek\",\"isPartOf\":{\"@id\":\"https:\/\/jaccovandenhoek.com\/nl\/#website\"},\"primaryImageOfPage\":{\"@id\":\"https:\/\/jaccovandenhoek.com\/nl\/biografie-jacco-van-den-hoek\/#primaryimage\"},\"image\":{\"@id\":\"https:\/\/jaccovandenhoek.com\/nl\/biografie-jacco-van-den-hoek\/#primaryimage\"},\"thumbnailUrl\":\"https:\/\/jaccovandenhoek.com\/wp-content\/uploads\/2022\/03\/About_HeaderImg_Mobile_900x564px.jpg\",\"datePublished\":\"2015-05-29T14:00:43+00:00\",\"dateModified\":\"2026-01-29T21:03:56+00:00\",\"description\":\"Nacido en Holanda afincado en Las Palmas de Gran Canaria, 25 a\u00f1os de trayectoria en arte y dise\u00f1o gr\u00e1fico. Pintura al \u00f3leo, identidad visual\/etc\",\"inLanguage\":\"nl-NL\",\"potentialAction\":[{\"@type\":\"ReadAction\",\"target\":[\"https:\/\/jaccovandenhoek.com\/nl\/biografie-jacco-van-den-hoek\/\"]}]},{\"@type\":\"ImageObject\",\"inLanguage\":\"nl-NL\",\"@id\":\"https:\/\/jaccovandenhoek.com\/nl\/biografie-jacco-van-den-hoek\/#primaryimage\",\"url\":\"https:\/\/jaccovandenhoek.com\/wp-content\/uploads\/2022\/03\/About_HeaderImg_Mobile_900x564px.jpg\",\"contentUrl\":\"https:\/\/jaccovandenhoek.com\/wp-content\/uploads\/2022\/03\/About_HeaderImg_Mobile_900x564px.jpg\",\"width\":900,\"height\":565},{\"@type\":\"WebSite\",\"@id\":\"https:\/\/jaccovandenhoek.com\/nl\/#website\",\"url\":\"https:\/\/jaccovandenhoek.com\/nl\/\",\"name\":\"Jacco Van Den Hoek\",\"description\":\"Jacco Van Den Hoek\",\"potentialAction\":[{\"@type\":\"SearchAction\",\"target\":{\"@type\":\"EntryPoint\",\"urlTemplate\":\"https:\/\/jaccovandenhoek.com\/nl\/?s={search_term_string}\"},\"query-input\":{\"@type\":\"PropertyValueSpecification\",\"valueRequired\":true,\"valueName\":\"search_term_string\"}}],\"inLanguage\":\"nl-NL\"}]}<\/script>\n<!-- \/ Yoast SEO plugin. -->","yoast_head_json":{"title":"Biografie - Jacco van den Hoek","description":"Nacido en Holanda afincado en Las Palmas de Gran Canaria, 25 a\u00f1os de trayectoria en arte y dise\u00f1o gr\u00e1fico. Pintura al \u00f3leo, identidad visual\/etc","robots":{"index":"index","follow":"follow","max-snippet":"max-snippet:-1","max-image-preview":"max-image-preview:large","max-video-preview":"max-video-preview:-1"},"canonical":"https:\/\/jaccovandenhoek.com\/nl\/biografie-jacco-van-den-hoek\/","og_locale":"nl_NL","og_type":"article","og_title":"Biografie - Jacco van den Hoek","og_description":"Nacido en Holanda afincado en Las Palmas de Gran Canaria, 25 a\u00f1os de trayectoria en arte y dise\u00f1o gr\u00e1fico. Pintura al \u00f3leo, identidad visual\/etc","og_url":"https:\/\/jaccovandenhoek.com\/nl\/biografie-jacco-van-den-hoek\/","og_site_name":"Jacco Van Den Hoek","article_modified_time":"2026-01-29T21:03:56+00:00","og_image":[{"width":900,"height":565,"url":"https:\/\/jaccovandenhoek.com\/wp-content\/uploads\/2022\/03\/About_HeaderImg_Mobile_900x564px.jpg","type":"image\/jpeg"}],"twitter_card":"summary_large_image","twitter_misc":{"Geschatte leestijd":"8 minuten"},"schema":{"@context":"https:\/\/schema.org","@graph":[{"@type":"WebPage","@id":"https:\/\/jaccovandenhoek.com\/nl\/biografie-jacco-van-den-hoek\/","url":"https:\/\/jaccovandenhoek.com\/nl\/biografie-jacco-van-den-hoek\/","name":"Biografie - Jacco van den Hoek","isPartOf":{"@id":"https:\/\/jaccovandenhoek.com\/nl\/#website"},"primaryImageOfPage":{"@id":"https:\/\/jaccovandenhoek.com\/nl\/biografie-jacco-van-den-hoek\/#primaryimage"},"image":{"@id":"https:\/\/jaccovandenhoek.com\/nl\/biografie-jacco-van-den-hoek\/#primaryimage"},"thumbnailUrl":"https:\/\/jaccovandenhoek.com\/wp-content\/uploads\/2022\/03\/About_HeaderImg_Mobile_900x564px.jpg","datePublished":"2015-05-29T14:00:43+00:00","dateModified":"2026-01-29T21:03:56+00:00","description":"Nacido en Holanda afincado en Las Palmas de Gran Canaria, 25 a\u00f1os de trayectoria en arte y dise\u00f1o gr\u00e1fico. Pintura al \u00f3leo, identidad visual\/etc","inLanguage":"nl-NL","potentialAction":[{"@type":"ReadAction","target":["https:\/\/jaccovandenhoek.com\/nl\/biografie-jacco-van-den-hoek\/"]}]},{"@type":"ImageObject","inLanguage":"nl-NL","@id":"https:\/\/jaccovandenhoek.com\/nl\/biografie-jacco-van-den-hoek\/#primaryimage","url":"https:\/\/jaccovandenhoek.com\/wp-content\/uploads\/2022\/03\/About_HeaderImg_Mobile_900x564px.jpg","contentUrl":"https:\/\/jaccovandenhoek.com\/wp-content\/uploads\/2022\/03\/About_HeaderImg_Mobile_900x564px.jpg","width":900,"height":565},{"@type":"WebSite","@id":"https:\/\/jaccovandenhoek.com\/nl\/#website","url":"https:\/\/jaccovandenhoek.com\/nl\/","name":"Jacco Van Den Hoek","description":"Jacco Van Den Hoek","potentialAction":[{"@type":"SearchAction","target":{"@type":"EntryPoint","urlTemplate":"https:\/\/jaccovandenhoek.com\/nl\/?s={search_term_string}"},"query-input":{"@type":"PropertyValueSpecification","valueRequired":true,"valueName":"search_term_string"}}],"inLanguage":"nl-NL"}]}},"_links":{"self":[{"href":"https:\/\/jaccovandenhoek.com\/nl\/wp-json\/wp\/v2\/pages\/2075","targetHints":{"allow":["GET"]}}],"collection":[{"href":"https:\/\/jaccovandenhoek.com\/nl\/wp-json\/wp\/v2\/pages"}],"about":[{"href":"https:\/\/jaccovandenhoek.com\/nl\/wp-json\/wp\/v2\/types\/page"}],"author":[{"embeddable":true,"href":"https:\/\/jaccovandenhoek.com\/nl\/wp-json\/wp\/v2\/users\/2"}],"replies":[{"embeddable":true,"href":"https:\/\/jaccovandenhoek.com\/nl\/wp-json\/wp\/v2\/comments?post=2075"}],"version-history":[{"count":20,"href":"https:\/\/jaccovandenhoek.com\/nl\/wp-json\/wp\/v2\/pages\/2075\/revisions"}],"predecessor-version":[{"id":191082,"href":"https:\/\/jaccovandenhoek.com\/nl\/wp-json\/wp\/v2\/pages\/2075\/revisions\/191082"}],"wp:featuredmedia":[{"embeddable":true,"href":"https:\/\/jaccovandenhoek.com\/nl\/wp-json\/wp\/v2\/media\/187862"}],"wp:attachment":[{"href":"https:\/\/jaccovandenhoek.com\/nl\/wp-json\/wp\/v2\/media?parent=2075"}],"curies":[{"name":"wp","href":"https:\/\/api.w.org\/{rel}","templated":true}]}}