{"id":3613,"date":"2016-10-25T11:53:36","date_gmt":"2016-10-25T11:53:36","guid":{"rendered":"https:\/\/art.jaccovandenhoek.com\/nl\/kunst-jacco-van-den-hoek\/ilustraciones\/"},"modified":"2024-03-11T18:54:49","modified_gmt":"2024-03-11T18:54:49","slug":"illustraties","status":"publish","type":"page","link":"https:\/\/jaccovandenhoek.com\/nl\/kunst\/illustraties\/","title":{"rendered":"Illustraties"},"content":{"rendered":"<p style=\"\">Illustraties<\/p>\n<p>   <a href=\"https:\/\/jaccovandenhoek.com\/nl\/zwangerschap\/\" title=\"Zwangerschap\" data-type-url=\"post_url\" data-type-display=\"default_image\" data-size=\"large\" data-post_id=\"190420\"><img width=\"1202\" height=\"976\" src=\"https:\/\/jaccovandenhoek.com\/wp-content\/uploads\/2023\/08\/Digital_Farmacia-Boletos_1200x923px_Feat.png\" alt=\"\" decoding=\"async\" loading=\"lazy\" srcset=\"https:\/\/jaccovandenhoek.com\/wp-content\/uploads\/2023\/08\/Digital_Farmacia-Boletos_1200x923px_Feat.png 1202w, https:\/\/jaccovandenhoek.com\/wp-content\/uploads\/2023\/08\/Digital_Farmacia-Boletos_1200x923px_Feat-300x244.png 300w, https:\/\/jaccovandenhoek.com\/wp-content\/uploads\/2023\/08\/Digital_Farmacia-Boletos_1200x923px_Feat-150x122.png 150w, https:\/\/jaccovandenhoek.com\/wp-content\/uploads\/2023\/08\/Digital_Farmacia-Boletos_1200x923px_Feat-768x624.png 768w\" sizes=\"auto, (max-width: 1202px) 100vw, 1202px\" \/><\/a>  <\/p>\n<h4 style=\"\"><span data-attr-css=\"tve-u-181809b79e5\" data-attr-link=\"1\" data-attr-rel=\"0\" data-attr-static-link=\"{&quot;className&quot;:&quot;&quot;,&quot;href&quot;:&quot;https:\/\/jaccovandenhoek.com\/nl\/zwangerschap\/&quot;,&quot;title&quot;:&quot;Zwangerschap&quot;,&quot;data-css&quot;:&quot;tve-u-181809b79e5&quot;,&quot;class&quot;:&quot;&quot;}\" data-attr-target=\"0\" data-extra_key=\"\" data-option-inline=\"1\" data-shortcode=\"tcb_post_title\" data-shortcode-name=\"Post title\" style=\"\"><a href=\"https:\/\/jaccovandenhoek.com\/nl\/zwangerschap\/\" title=\"Zwangerschap\">Zwangerschap<\/a><\/span><\/h4>\n<p>       <a href=\"https:\/\/jaccovandenhoek.com\/nl\/zwangerschap\/\" rel=\"\" style=\"\"> <span><span style=\"\" data-tcb_hover_state_parent=\"\">MEER INFO<\/span><span><\/span><\/span> <\/a> <span data-attr-css=\"\" data-attr-link=\"1\" data-attr-rel=\"0\" data-attr-target=\"0\" data-extra_key=\"\" data-option-inline=\"1\" data-shortcode=\"tcb_post_categories\" data-shortcode-name=\"List of categories\"><a href=\"https:\/\/jaccovandenhoek.com\/nl\/category\/grafische-vormgeving\/communicatie\/\" title=\"Communicatie\" data-css=\"\">Communicatie<\/a>, <a href=\"https:\/\/jaccovandenhoek.com\/nl\/category\/grafische-vormgeving\/communicatie\/drukwerk\/\" title=\"Drukwerk\" data-css=\"\">Drukwerk<\/a>, <a href=\"https:\/\/jaccovandenhoek.com\/nl\/category\/kunst\/formaat-groter-dan-70cm\/\" title=\"Formaat groter dan 70cm\" data-css=\"\">Formaat groter dan 70cm<\/a>, <a href=\"https:\/\/jaccovandenhoek.com\/nl\/category\/grafische-vormgeving\/\" title=\"Grafische vormgeving\" data-css=\"\">Grafische vormgeving<\/a>, <a href=\"https:\/\/jaccovandenhoek.com\/nl\/category\/kunst\/illustraties\/\" title=\"Illustraties\" data-css=\"\">Illustraties<\/a>, <a href=\"https:\/\/jaccovandenhoek.com\/nl\/category\/kunst\/sold-nl\/\" title=\"Sold\" data-css=\"\">Sold<\/a>, <a href=\"https:\/\/jaccovandenhoek.com\/nl\/category\/kunst\/verticaal\/\" title=\"verticaal\" data-css=\"\">verticaal<\/a><\/span>   <a href=\"https:\/\/jaccovandenhoek.com\/nl\/winkel-ambachtelijk-kunst-in-betancuria\/\" title=\"Winkel Ambachtelijk kunst\" data-type-url=\"post_url\" data-type-display=\"default_image\" data-size=\"large\" data-post_id=\"190386\"><img width=\"972\" height=\"1080\" src=\"https:\/\/jaccovandenhoek.com\/wp-content\/uploads\/2023\/08\/Digital_AsociacionArtesanos_1200x1080px_Feat-972x1080.jpg\" alt=\"\" decoding=\"async\" loading=\"lazy\" srcset=\"https:\/\/jaccovandenhoek.com\/wp-content\/uploads\/2023\/08\/Digital_AsociacionArtesanos_1200x1080px_Feat-972x1080.jpg 972w, https:\/\/jaccovandenhoek.com\/wp-content\/uploads\/2023\/08\/Digital_AsociacionArtesanos_1200x1080px_Feat-270x300.jpg 270w, https:\/\/jaccovandenhoek.com\/wp-content\/uploads\/2023\/08\/Digital_AsociacionArtesanos_1200x1080px_Feat-135x150.jpg 135w, https:\/\/jaccovandenhoek.com\/wp-content\/uploads\/2023\/08\/Digital_AsociacionArtesanos_1200x1080px_Feat-768x853.jpg 768w, https:\/\/jaccovandenhoek.com\/wp-content\/uploads\/2023\/08\/Digital_AsociacionArtesanos_1200x1080px_Feat.jpg 1080w\" sizes=\"auto, (max-width: 972px) 100vw, 972px\" \/><\/a>  <\/p>\n<h4 style=\"\"><span data-attr-css=\"tve-u-181809b79e5\" data-attr-link=\"1\" data-attr-rel=\"0\" data-attr-static-link=\"{&quot;className&quot;:&quot;&quot;,&quot;href&quot;:&quot;https:\/\/jaccovandenhoek.com\/nl\/zwangerschap\/&quot;,&quot;title&quot;:&quot;Zwangerschap&quot;,&quot;data-css&quot;:&quot;tve-u-181809b79e5&quot;,&quot;class&quot;:&quot;&quot;}\" data-attr-target=\"0\" data-extra_key=\"\" data-option-inline=\"1\" data-shortcode=\"tcb_post_title\" data-shortcode-name=\"Post title\" style=\"\"><a href=\"https:\/\/jaccovandenhoek.com\/nl\/winkel-ambachtelijk-kunst-in-betancuria\/\" title=\"Winkel Ambachtelijk kunst\">Winkel Ambachtelijk kunst<\/a><\/span><\/h4>\n<p>       <a href=\"https:\/\/jaccovandenhoek.com\/nl\/winkel-ambachtelijk-kunst-in-betancuria\/\" rel=\"\" style=\"\"> <span><span style=\"\" data-tcb_hover_state_parent=\"\">MEER INFO<\/span><span><\/span><\/span> <\/a> <span data-attr-css=\"\" data-attr-link=\"1\" data-attr-rel=\"0\" data-attr-target=\"0\" data-extra_key=\"\" data-option-inline=\"1\" data-shortcode=\"tcb_post_categories\" data-shortcode-name=\"List of categories\"><a href=\"https:\/\/jaccovandenhoek.com\/nl\/category\/kunst\/olieverf\/canarische-eilanden\/\" title=\"Canarische Eilanden\" data-css=\"\">Canarische Eilanden<\/a>, <a href=\"https:\/\/jaccovandenhoek.com\/nl\/category\/kunst\/digitale-kunst\/\" title=\"Digitale kunst\" data-css=\"\">Digitale kunst<\/a>, <a href=\"https:\/\/jaccovandenhoek.com\/nl\/category\/kunst\/formaat-tot-50cm\/\" title=\"Formaat tot 50cm\" data-css=\"\">Formaat tot 50cm<\/a>, <a href=\"https:\/\/jaccovandenhoek.com\/nl\/category\/kunst\/illustraties\/\" title=\"Illustraties\" data-css=\"\">Illustraties<\/a>, <a href=\"https:\/\/jaccovandenhoek.com\/nl\/category\/kunst\/\" title=\"Kunst\" data-css=\"\">Kunst<\/a>, <a href=\"https:\/\/jaccovandenhoek.com\/nl\/category\/kunst\/sold-nl\/\" title=\"Sold\" data-css=\"\">Sold<\/a>, <a href=\"https:\/\/jaccovandenhoek.com\/nl\/category\/kunst\/verticaal\/\" title=\"verticaal\" data-css=\"\">verticaal<\/a><\/span>   <a href=\"https:\/\/jaccovandenhoek.com\/nl\/illustraties-de-draak-van-mantsjoerije\/\" title=\"De draak van Mantsjoerije\" data-type-url=\"post_url\" data-type-display=\"default_image\" data-size=\"large\" data-post_id=\"189048\"><img width=\"618\" height=\"1080\" src=\"https:\/\/jaccovandenhoek.com\/wp-content\/uploads\/2022\/04\/Dragon_dragon_380x600mm_1200x686px_Feat-618x1080.jpg\" alt=\"Dragon de Manchuria - Dragon\" decoding=\"async\" loading=\"lazy\" srcset=\"https:\/\/jaccovandenhoek.com\/wp-content\/uploads\/2022\/04\/Dragon_dragon_380x600mm_1200x686px_Feat-618x1080.jpg 618w, https:\/\/jaccovandenhoek.com\/wp-content\/uploads\/2022\/04\/Dragon_dragon_380x600mm_1200x686px_Feat-172x300.jpg 172w, https:\/\/jaccovandenhoek.com\/wp-content\/uploads\/2022\/04\/Dragon_dragon_380x600mm_1200x686px_Feat-86x150.jpg 86w, https:\/\/jaccovandenhoek.com\/wp-content\/uploads\/2022\/04\/Dragon_dragon_380x600mm_1200x686px_Feat.jpg 687w\" sizes=\"auto, (max-width: 618px) 100vw, 618px\" \/><\/a>  <\/p>\n<h4 style=\"\"><span data-attr-css=\"tve-u-181809b79e5\" data-attr-link=\"1\" data-attr-rel=\"0\" data-attr-static-link=\"{&quot;className&quot;:&quot;&quot;,&quot;href&quot;:&quot;https:\/\/jaccovandenhoek.com\/nl\/zwangerschap\/&quot;,&quot;title&quot;:&quot;Zwangerschap&quot;,&quot;data-css&quot;:&quot;tve-u-181809b79e5&quot;,&quot;class&quot;:&quot;&quot;}\" data-attr-target=\"0\" data-extra_key=\"\" data-option-inline=\"1\" data-shortcode=\"tcb_post_title\" data-shortcode-name=\"Post title\" style=\"\"><a href=\"https:\/\/jaccovandenhoek.com\/nl\/illustraties-de-draak-van-mantsjoerije\/\" title=\"De draak van Mantsjoerije\">De draak van Mantsjoerije<\/a><\/span><\/h4>\n<p>       <a href=\"https:\/\/jaccovandenhoek.com\/nl\/illustraties-de-draak-van-mantsjoerije\/\" rel=\"\" style=\"\"> <span><span style=\"\" data-tcb_hover_state_parent=\"\">MEER INFO<\/span><span><\/span><\/span> <\/a> <span data-attr-css=\"\" data-attr-link=\"1\" data-attr-rel=\"0\" data-attr-target=\"0\" data-extra_key=\"\" data-option-inline=\"1\" data-shortcode=\"tcb_post_categories\" data-shortcode-name=\"List of categories\"><a href=\"https:\/\/jaccovandenhoek.com\/nl\/category\/kunst\/digitale-kunst\/\" title=\"Digitale kunst\" data-css=\"\">Digitale kunst<\/a>, <a href=\"https:\/\/jaccovandenhoek.com\/nl\/category\/kunst\/formaat-50-tot-70cm\/\" title=\"Formaat 50 tot 70cm\" data-css=\"\">Formaat 50 tot 70cm<\/a>, <a href=\"https:\/\/jaccovandenhoek.com\/nl\/category\/kunst\/illustraties\/\" title=\"Illustraties\" data-css=\"\">Illustraties<\/a>, <a href=\"https:\/\/jaccovandenhoek.com\/nl\/category\/kunst\/\" title=\"Kunst\" data-css=\"\">Kunst<\/a>, <a href=\"https:\/\/jaccovandenhoek.com\/nl\/category\/kunst\/sale-venta-nl\/\" title=\"Sale\" data-css=\"\">Sale<\/a>, <a href=\"https:\/\/jaccovandenhoek.com\/nl\/category\/kunst\/verticaal\/\" title=\"verticaal\" data-css=\"\">verticaal<\/a><\/span>   <\/p>\n","protected":false},"excerpt":{"rendered":"<p>Illustraties Zwangerschap MEER INFO Communicatie, Drukwerk, Formaat groter dan 70cm, Grafische vormgeving, Illustraties, Sold, verticaal Winkel Ambachtelijk kunst MEER INFO Canarische Eilanden, Digitale kunst, Formaat tot 50cm, Illustraties, Kunst, Sold, verticaal De draak van Mantsjoerije MEER INFO Digitale kunst, Formaat 50 tot 70cm, Illustraties, Kunst, Sale, verticaal<\/p>\n","protected":false},"author":2,"featured_media":188518,"parent":188445,"menu_order":0,"comment_status":"closed","ping_status":"open","template":"","meta":{"inline_featured_image":false,"footnotes":"","_wp_rev_ctl_limit":""},"class_list":["post-3613","page","type-page","status-publish","has-post-thumbnail","hentry","post-wrapper","thrv_wrapper"],"yoast_head":"<!-- This site is optimized with the Yoast SEO plugin v25.4 - https:\/\/yoast.com\/wordpress\/plugins\/seo\/ -->\n<title>Illustraties: Jacco van den Hoek<\/title>\n<meta name=\"description\" content=\"Illustraties: Oost Indische inkt, aquarel of computer gegenereerd. Altijd met een organische feel en een persoonlijke touch.\" \/>\n<meta name=\"robots\" content=\"index, follow, max-snippet:-1, max-image-preview:large, max-video-preview:-1\" \/>\n<link rel=\"canonical\" href=\"https:\/\/jaccovandenhoek.com\/nl\/kunst\/illustraties\/\" \/>\n<meta property=\"og:locale\" content=\"nl_NL\" \/>\n<meta property=\"og:type\" content=\"article\" \/>\n<meta property=\"og:title\" content=\"El arte de Jacco van den Hoek\" \/>\n<meta property=\"og:description\" content=\"Una pagina con las \u00faltimas obras de Jacco van den Hoek. Pintura al \u00f3leo, v\u00eddeo y composiciones digitales.\" \/>\n<meta property=\"og:url\" content=\"https:\/\/jaccovandenhoek.com\/nl\/kunst\/illustraties\/\" \/>\n<meta property=\"og:site_name\" content=\"Jacco Van Den Hoek\" \/>\n<meta property=\"article:modified_time\" content=\"2024-03-11T18:54:49+00:00\" \/>\n<meta property=\"og:image\" content=\"https:\/\/jaccovandenhoek.com\/wp-content\/uploads\/2022\/06\/Ilustraciones_thumb_900x900px.jpg\" \/>\n\t<meta property=\"og:image:width\" content=\"900\" \/>\n\t<meta property=\"og:image:height\" content=\"900\" \/>\n\t<meta property=\"og:image:type\" content=\"image\/jpeg\" \/>\n<meta name=\"twitter:card\" content=\"summary_large_image\" \/>\n<meta name=\"twitter:title\" content=\"El arte de Jacco van den Hoek\" \/>\n<meta name=\"twitter:label1\" content=\"Geschatte leestijd\" \/>\n\t<meta name=\"twitter:data1\" content=\"1 minuut\" \/>\n<script type=\"application\/ld+json\" class=\"yoast-schema-graph\">{\"@context\":\"https:\/\/schema.org\",\"@graph\":[{\"@type\":\"WebPage\",\"@id\":\"https:\/\/jaccovandenhoek.com\/nl\/kunst\/illustraties\/\",\"url\":\"https:\/\/jaccovandenhoek.com\/nl\/kunst\/illustraties\/\",\"name\":\"Illustraties: Jacco van den Hoek\",\"isPartOf\":{\"@id\":\"https:\/\/jaccovandenhoek.com\/nl\/#website\"},\"primaryImageOfPage\":{\"@id\":\"https:\/\/jaccovandenhoek.com\/nl\/kunst\/illustraties\/#primaryimage\"},\"image\":{\"@id\":\"https:\/\/jaccovandenhoek.com\/nl\/kunst\/illustraties\/#primaryimage\"},\"thumbnailUrl\":\"https:\/\/jaccovandenhoek.com\/wp-content\/uploads\/2022\/06\/Ilustraciones_thumb_900x900px.jpg\",\"datePublished\":\"2016-10-25T11:53:36+00:00\",\"dateModified\":\"2024-03-11T18:54:49+00:00\",\"description\":\"Illustraties: Oost Indische inkt, aquarel of computer gegenereerd. Altijd met een organische feel en een persoonlijke touch.\",\"breadcrumb\":{\"@id\":\"https:\/\/jaccovandenhoek.com\/nl\/kunst\/illustraties\/#breadcrumb\"},\"inLanguage\":\"nl-NL\",\"potentialAction\":[{\"@type\":\"ReadAction\",\"target\":[\"https:\/\/jaccovandenhoek.com\/nl\/kunst\/illustraties\/\"]}]},{\"@type\":\"ImageObject\",\"inLanguage\":\"nl-NL\",\"@id\":\"https:\/\/jaccovandenhoek.com\/nl\/kunst\/illustraties\/#primaryimage\",\"url\":\"https:\/\/jaccovandenhoek.com\/wp-content\/uploads\/2022\/06\/Ilustraciones_thumb_900x900px.jpg\",\"contentUrl\":\"https:\/\/jaccovandenhoek.com\/wp-content\/uploads\/2022\/06\/Ilustraciones_thumb_900x900px.jpg\",\"width\":900,\"height\":900},{\"@type\":\"BreadcrumbList\",\"@id\":\"https:\/\/jaccovandenhoek.com\/nl\/kunst\/illustraties\/#breadcrumb\",\"itemListElement\":[{\"@type\":\"ListItem\",\"position\":1,\"name\":\"Kunst\",\"item\":\"https:\/\/jaccovandenhoek.com\/nl\/kunst\/\"},{\"@type\":\"ListItem\",\"position\":2,\"name\":\"Illustraties\"}]},{\"@type\":\"WebSite\",\"@id\":\"https:\/\/jaccovandenhoek.com\/nl\/#website\",\"url\":\"https:\/\/jaccovandenhoek.com\/nl\/\",\"name\":\"Jacco Van Den Hoek\",\"description\":\"Jacco Van Den Hoek\",\"potentialAction\":[{\"@type\":\"SearchAction\",\"target\":{\"@type\":\"EntryPoint\",\"urlTemplate\":\"https:\/\/jaccovandenhoek.com\/nl\/?s={search_term_string}\"},\"query-input\":{\"@type\":\"PropertyValueSpecification\",\"valueRequired\":true,\"valueName\":\"search_term_string\"}}],\"inLanguage\":\"nl-NL\"}]}<\/script>\n<!-- \/ Yoast SEO plugin. -->","yoast_head_json":{"title":"Illustraties: Jacco van den Hoek","description":"Illustraties: Oost Indische inkt, aquarel of computer gegenereerd. Altijd met een organische feel en een persoonlijke touch.","robots":{"index":"index","follow":"follow","max-snippet":"max-snippet:-1","max-image-preview":"max-image-preview:large","max-video-preview":"max-video-preview:-1"},"canonical":"https:\/\/jaccovandenhoek.com\/nl\/kunst\/illustraties\/","og_locale":"nl_NL","og_type":"article","og_title":"El arte de Jacco van den Hoek","og_description":"Una pagina con las \u00faltimas obras de Jacco van den Hoek. Pintura al \u00f3leo, v\u00eddeo y composiciones digitales.","og_url":"https:\/\/jaccovandenhoek.com\/nl\/kunst\/illustraties\/","og_site_name":"Jacco Van Den Hoek","article_modified_time":"2024-03-11T18:54:49+00:00","og_image":[{"width":900,"height":900,"url":"https:\/\/jaccovandenhoek.com\/wp-content\/uploads\/2022\/06\/Ilustraciones_thumb_900x900px.jpg","type":"image\/jpeg"}],"twitter_card":"summary_large_image","twitter_title":"El arte de Jacco van den Hoek","twitter_misc":{"Geschatte leestijd":"1 minuut"},"schema":{"@context":"https:\/\/schema.org","@graph":[{"@type":"WebPage","@id":"https:\/\/jaccovandenhoek.com\/nl\/kunst\/illustraties\/","url":"https:\/\/jaccovandenhoek.com\/nl\/kunst\/illustraties\/","name":"Illustraties: Jacco van den Hoek","isPartOf":{"@id":"https:\/\/jaccovandenhoek.com\/nl\/#website"},"primaryImageOfPage":{"@id":"https:\/\/jaccovandenhoek.com\/nl\/kunst\/illustraties\/#primaryimage"},"image":{"@id":"https:\/\/jaccovandenhoek.com\/nl\/kunst\/illustraties\/#primaryimage"},"thumbnailUrl":"https:\/\/jaccovandenhoek.com\/wp-content\/uploads\/2022\/06\/Ilustraciones_thumb_900x900px.jpg","datePublished":"2016-10-25T11:53:36+00:00","dateModified":"2024-03-11T18:54:49+00:00","description":"Illustraties: Oost Indische inkt, aquarel of computer gegenereerd. Altijd met een organische feel en een persoonlijke touch.","breadcrumb":{"@id":"https:\/\/jaccovandenhoek.com\/nl\/kunst\/illustraties\/#breadcrumb"},"inLanguage":"nl-NL","potentialAction":[{"@type":"ReadAction","target":["https:\/\/jaccovandenhoek.com\/nl\/kunst\/illustraties\/"]}]},{"@type":"ImageObject","inLanguage":"nl-NL","@id":"https:\/\/jaccovandenhoek.com\/nl\/kunst\/illustraties\/#primaryimage","url":"https:\/\/jaccovandenhoek.com\/wp-content\/uploads\/2022\/06\/Ilustraciones_thumb_900x900px.jpg","contentUrl":"https:\/\/jaccovandenhoek.com\/wp-content\/uploads\/2022\/06\/Ilustraciones_thumb_900x900px.jpg","width":900,"height":900},{"@type":"BreadcrumbList","@id":"https:\/\/jaccovandenhoek.com\/nl\/kunst\/illustraties\/#breadcrumb","itemListElement":[{"@type":"ListItem","position":1,"name":"Kunst","item":"https:\/\/jaccovandenhoek.com\/nl\/kunst\/"},{"@type":"ListItem","position":2,"name":"Illustraties"}]},{"@type":"WebSite","@id":"https:\/\/jaccovandenhoek.com\/nl\/#website","url":"https:\/\/jaccovandenhoek.com\/nl\/","name":"Jacco Van Den Hoek","description":"Jacco Van Den Hoek","potentialAction":[{"@type":"SearchAction","target":{"@type":"EntryPoint","urlTemplate":"https:\/\/jaccovandenhoek.com\/nl\/?s={search_term_string}"},"query-input":{"@type":"PropertyValueSpecification","valueRequired":true,"valueName":"search_term_string"}}],"inLanguage":"nl-NL"}]}},"_links":{"self":[{"href":"https:\/\/jaccovandenhoek.com\/nl\/wp-json\/wp\/v2\/pages\/3613","targetHints":{"allow":["GET"]}}],"collection":[{"href":"https:\/\/jaccovandenhoek.com\/nl\/wp-json\/wp\/v2\/pages"}],"about":[{"href":"https:\/\/jaccovandenhoek.com\/nl\/wp-json\/wp\/v2\/types\/page"}],"author":[{"embeddable":true,"href":"https:\/\/jaccovandenhoek.com\/nl\/wp-json\/wp\/v2\/users\/2"}],"replies":[{"embeddable":true,"href":"https:\/\/jaccovandenhoek.com\/nl\/wp-json\/wp\/v2\/comments?post=3613"}],"version-history":[{"count":12,"href":"https:\/\/jaccovandenhoek.com\/nl\/wp-json\/wp\/v2\/pages\/3613\/revisions"}],"predecessor-version":[{"id":188522,"href":"https:\/\/jaccovandenhoek.com\/nl\/wp-json\/wp\/v2\/pages\/3613\/revisions\/188522"}],"up":[{"embeddable":true,"href":"https:\/\/jaccovandenhoek.com\/nl\/wp-json\/wp\/v2\/pages\/188445"}],"wp:featuredmedia":[{"embeddable":true,"href":"https:\/\/jaccovandenhoek.com\/nl\/wp-json\/wp\/v2\/media\/188518"}],"wp:attachment":[{"href":"https:\/\/jaccovandenhoek.com\/nl\/wp-json\/wp\/v2\/media?parent=3613"}],"curies":[{"name":"wp","href":"https:\/\/api.w.org\/{rel}","templated":true}]}}